{"id":1688,"date":"2026-03-17T16:12:51","date_gmt":"2026-03-17T13:12:51","guid":{"rendered":"https:\/\/btcagizvedispoliklinigi.com\/?page_id=1688"},"modified":"2026-03-17T16:27:43","modified_gmt":"2026-03-17T13:27:43","slug":"our-doctors","status":"publish","type":"page","link":"https:\/\/btcagizvedispoliklinigi.com\/fr\/our-doctors\/","title":{"rendered":"Nos m\u00e9decins"},"content":{"rendered":"\t\t<div data-elementor-type=\"wp-page\" data-elementor-id=\"1688\" class=\"elementor elementor-1688 elementor-1660\">\n\t\t\t\t<div class=\"elementor-element elementor-element-6612798 e-flex e-con-boxed e-con e-parent\" data-id=\"6612798\" data-element_type=\"container\" data-e-type=\"container\">\n\t\t\t\t\t<div class=\"e-con-inner\">\n\t\t<div class=\"elementor-element elementor-element-0cb3329 e-con-full e-flex e-con e-child\" data-id=\"0cb3329\" data-element_type=\"container\" data-e-type=\"container\">\n\t\t<div class=\"elementor-element elementor-element-0a2c5d7 e-con-full e-flex e-con e-child\" data-id=\"0a2c5d7\" data-element_type=\"container\" data-e-type=\"container\">\n\t\t\t\t<div class=\"elementor-element elementor-element-38fb11a elementor-widget elementor-widget-heading\" data-id=\"38fb11a\" data-element_type=\"widget\" data-e-type=\"widget\" data-widget_type=\"heading.default\">\n\t\t\t\t\t<h2 class=\"elementor-heading-title elementor-size-default\">Nos m\u00e9decins<\/h2>\t\t\t\t<\/div>\n\t\t\t\t<\/div>\n\t\t<div class=\"elementor-element elementor-element-12dcfbb e-grid e-con-full e-con e-child\" data-id=\"12dcfbb\" data-element_type=\"container\" data-e-type=\"container\">\n\t\t<div class=\"elementor-element elementor-element-6b46ab2 e-con-full e-flex e-con e-child\" data-id=\"6b46ab2\" data-element_type=\"container\" data-e-type=\"container\">\n\t\t\t\t<div class=\"elementor-element elementor-element-1cc9b28 elementor-widget elementor-widget-image\" data-id=\"1cc9b28\" data-element_type=\"widget\" data-e-type=\"widget\" data-widget_type=\"image.default\">\n\t\t\t\t\t\t\t\t\t\t\t\t\t\t\t<img fetchpriority=\"high\" decoding=\"async\" width=\"1024\" height=\"1024\" src=\"https:\/\/btcagizvedispoliklinigi.com\/wp-content\/uploads\/2026\/03\/Dt.-Samira.jpeg\" class=\"attachment-full size-full wp-image-1523\" alt=\"\" srcset=\"https:\/\/btcagizvedispoliklinigi.com\/wp-content\/uploads\/2026\/03\/Dt.-Samira.jpeg 1024w, https:\/\/btcagizvedispoliklinigi.com\/wp-content\/uploads\/2026\/03\/Dt.-Samira-300x300.jpeg 300w, https:\/\/btcagizvedispoliklinigi.com\/wp-content\/uploads\/2026\/03\/Dt.-Samira-150x150.jpeg 150w, https:\/\/btcagizvedispoliklinigi.com\/wp-content\/uploads\/2026\/03\/Dt.-Samira-768x768.jpeg 768w, https:\/\/btcagizvedispoliklinigi.com\/wp-content\/uploads\/2026\/03\/Dt.-Samira-600x600.jpeg 600w, https:\/\/btcagizvedispoliklinigi.com\/wp-content\/uploads\/2026\/03\/Dt.-Samira-100x100.jpeg 100w\" sizes=\"(max-width: 1024px) 100vw, 1024px\" \/>\t\t\t\t\t\t\t\t\t\t\t\t\t\t\t<\/div>\n\t\t\t\t<div class=\"elementor-element elementor-element-a56a71a elementor-widget elementor-widget-heading\" data-id=\"a56a71a\" data-element_type=\"widget\" data-e-type=\"widget\" data-widget_type=\"heading.default\">\n\t\t\t\t\t<h2 class=\"elementor-heading-title elementor-size-default\"><a href=\"\/fr\/dr-samira-murad\/\">Dr. Samira Murad<\/a><\/h2>\t\t\t\t<\/div>\n\t\t\t\t<div class=\"elementor-element elementor-element-eae47cc elementor-widget elementor-widget-text-editor\" data-id=\"eae47cc\" data-element_type=\"widget\" data-e-type=\"widget\" data-widget_type=\"text-editor.default\">\n\t\t\t\t\t\t\t\t\t<p><span class=\"BZ_Pyq_fadeIn\">La <\/span><span class=\"BZ_Pyq_fadeIn\">Dr <\/span><span class=\"BZ_Pyq_fadeIn\">Samira <\/span><span class=\"BZ_Pyq_fadeIn\">Murad <\/span><span class=\"BZ_Pyq_fadeIn\">est <\/span><span class=\"BZ_Pyq_fadeIn\">une <\/span><span class=\"BZ_Pyq_fadeIn\">chirurgienne-<\/span><span class=\"BZ_Pyq_fadeIn\">dentiste <\/span><span class=\"BZ_Pyq_fadeIn\">exp\u00e9riment\u00e9e <\/span><span class=\"BZ_Pyq_fadeIn\">sp\u00e9cialis\u00e9e <\/span><span class=\"BZ_Pyq_fadeIn\">en <\/span><span class=\"BZ_Pyq_fadeIn\">orthodontie. <\/span><span class=\"BZ_Pyq_fadeIn\">Elle <\/span><span class=\"BZ_Pyq_fadeIn\">a <\/span><span class=\"BZ_Pyq_fadeIn\">travaill\u00e9 <\/span><span class=\"BZ_Pyq_fadeIn\">dans <\/span><span class=\"BZ_Pyq_fadeIn\">plusieurs <\/span><span class=\"BZ_Pyq_fadeIn\">cliniques <\/span><span class=\"BZ_Pyq_fadeIn\">priv\u00e9es <\/span><span class=\"BZ_Pyq_fadeIn\">\u00e0 <\/span><span class=\"BZ_Pyq_fadeIn\">Istanbul, <\/span><span class=\"BZ_Pyq_fadeIn\">acqu\u00e9rant <\/span><span class=\"BZ_Pyq_fadeIn\">une <\/span><span class=\"BZ_Pyq_fadeIn\">solide <\/span><span class=\"BZ_Pyq_fadeIn\">exp\u00e9rience <\/span><span class=\"BZ_Pyq_fadeIn\">en <\/span><span class=\"BZ_Pyq_fadeIn\">orthodontie <\/span><span class=\"BZ_Pyq_fadeIn\">et <\/span><span class=\"BZ_Pyq_fadeIn\">en <\/span><span class=\"BZ_Pyq_fadeIn\">dentisterie <\/span><span class=\"BZ_Pyq_fadeIn\">g\u00e9n\u00e9rale. <\/span><span class=\"BZ_Pyq_fadeIn\">Elle <\/span><span class=\"BZ_Pyq_fadeIn\">poursuit <\/span><span class=\"BZ_Pyq_fadeIn\">actuellement <\/span><span class=\"BZ_Pyq_fadeIn\">un <\/span><span class=\"BZ_Pyq_fadeIn\">doctorat <\/span><span class=\"BZ_Pyq_fadeIn\">en <\/span><span class=\"BZ_Pyq_fadeIn\">orthodontie <\/span><span class=\"BZ_Pyq_fadeIn\">\u00e0 <\/span><span class=\"BZ_Pyq_fadeIn\">l\u2019Universit\u00e9 <\/span><span class=\"BZ_Pyq_fadeIn\">d\u2019Istanbul. <\/span><span class=\"BZ_Pyq_fadeIn\">Elle <\/span><span class=\"BZ_Pyq_fadeIn\">est <\/span><span class=\"BZ_Pyq_fadeIn\">reconnue <\/span><span class=\"BZ_Pyq_fadeIn\">pour <\/span><span class=\"BZ_Pyq_fadeIn\">son <\/span><span class=\"BZ_Pyq_fadeIn\">professionnalisme, <\/span><span class=\"BZ_Pyq_fadeIn\">sa <\/span><span class=\"BZ_Pyq_fadeIn\">communication <\/span><span class=\"BZ_Pyq_fadeIn\">efficace <\/span><span class=\"BZ_Pyq_fadeIn\">et <\/span><span class=\"BZ_Pyq_fadeIn\">son <\/span><span class=\"BZ_Pyq_fadeIn\">sens <\/span><span class=\"BZ_Pyq_fadeIn\">du <\/span><span class=\"BZ_Pyq_fadeIn\">d\u00e9tail.<\/span><\/p>\t\t\t\t\t\t\t\t<\/div>\n\t\t\t\t<\/div>\n\t\t<div class=\"elementor-element elementor-element-c3bf4cf e-con-full e-flex e-con e-child\" data-id=\"c3bf4cf\" data-element_type=\"container\" data-e-type=\"container\">\n\t\t\t\t<div class=\"elementor-element elementor-element-efc615d elementor-widget elementor-widget-image\" data-id=\"efc615d\" data-element_type=\"widget\" data-e-type=\"widget\" data-widget_type=\"image.default\">\n\t\t\t\t\t\t\t\t\t\t\t\t\t\t\t<img decoding=\"async\" width=\"1024\" height=\"1024\" src=\"https:\/\/btcagizvedispoliklinigi.com\/wp-content\/uploads\/2026\/03\/WhatsApp-Image-2026-03-16-at-1.06.27-PM-1-1-2.jpeg\" class=\"attachment-full size-full wp-image-1566\" alt=\"Dr. Ahmet Baydak\" srcset=\"https:\/\/btcagizvedispoliklinigi.com\/wp-content\/uploads\/2026\/03\/WhatsApp-Image-2026-03-16-at-1.06.27-PM-1-1-2.jpeg 1024w, https:\/\/btcagizvedispoliklinigi.com\/wp-content\/uploads\/2026\/03\/WhatsApp-Image-2026-03-16-at-1.06.27-PM-1-1-2-300x300.jpeg 300w, https:\/\/btcagizvedispoliklinigi.com\/wp-content\/uploads\/2026\/03\/WhatsApp-Image-2026-03-16-at-1.06.27-PM-1-1-2-150x150.jpeg 150w, https:\/\/btcagizvedispoliklinigi.com\/wp-content\/uploads\/2026\/03\/WhatsApp-Image-2026-03-16-at-1.06.27-PM-1-1-2-768x768.jpeg 768w, https:\/\/btcagizvedispoliklinigi.com\/wp-content\/uploads\/2026\/03\/WhatsApp-Image-2026-03-16-at-1.06.27-PM-1-1-2-600x600.jpeg 600w, https:\/\/btcagizvedispoliklinigi.com\/wp-content\/uploads\/2026\/03\/WhatsApp-Image-2026-03-16-at-1.06.27-PM-1-1-2-100x100.jpeg 100w\" sizes=\"(max-width: 1024px) 100vw, 1024px\" \/>\t\t\t\t\t\t\t\t\t\t\t\t\t\t\t<\/div>\n\t\t\t\t<div class=\"elementor-element elementor-element-9867bea elementor-widget elementor-widget-heading\" data-id=\"9867bea\" data-element_type=\"widget\" data-e-type=\"widget\" data-widget_type=\"heading.default\">\n\t\t\t\t\t<h2 class=\"elementor-heading-title elementor-size-default\"><a href=\"\/fr\/d-t-ahmet-baydak\/\">Dr. Ahmet Baydak<\/a><\/h2>\t\t\t\t<\/div>\n\t\t\t\t<div class=\"elementor-element elementor-element-546c9ec elementor-widget elementor-widget-text-editor\" data-id=\"546c9ec\" data-element_type=\"widget\" data-e-type=\"widget\" data-widget_type=\"text-editor.default\">\n\t\t\t\t\t\t\t\t\t<p><span class=\"BZ_Pyq_fadeIn\">Le <\/span><span class=\"BZ_Pyq_fadeIn\">Dr <\/span><span class=\"BZ_Pyq_fadeIn\">Ahmet <\/span><span class=\"BZ_Pyq_fadeIn\">Baydak <\/span><span class=\"BZ_Pyq_fadeIn\">est <\/span><span class=\"BZ_Pyq_fadeIn\">un <\/span><span class=\"BZ_Pyq_fadeIn\">chirurgien-<\/span><span class=\"BZ_Pyq_fadeIn\">dentiste <\/span><span class=\"BZ_Pyq_fadeIn\">sp\u00e9cialis\u00e9 <\/span><span class=\"BZ_Pyq_fadeIn\">en <\/span><span class=\"BZ_Pyq_fadeIn\">dentisterie <\/span><span class=\"BZ_Pyq_fadeIn\">esth\u00e9tique, <\/span><span class=\"BZ_Pyq_fadeIn\">conception <\/span><span class=\"BZ_Pyq_fadeIn\">du <\/span><span class=\"BZ_Pyq_fadeIn\">sourire <\/span><span class=\"BZ_Pyq_fadeIn\">et <\/span><span class=\"BZ_Pyq_fadeIn\">implants <\/span><span class=\"BZ_Pyq_fadeIn\">dentaires. <\/span><span class=\"BZ_Pyq_fadeIn\">Son <\/span><span class=\"BZ_Pyq_fadeIn\">approche <\/span><span class=\"BZ_Pyq_fadeIn\">associe <\/span><span class=\"BZ_Pyq_fadeIn\">pr\u00e9cision <\/span><span class=\"BZ_Pyq_fadeIn\">clinique <\/span><span class=\"BZ_Pyq_fadeIn\">et <\/span><span class=\"BZ_Pyq_fadeIn\">vision <\/span><span class=\"BZ_Pyq_fadeIn\">artistique <\/span><span class=\"BZ_Pyq_fadeIn\">afin <\/span><span class=\"BZ_Pyq_fadeIn\">de <\/span><span class=\"BZ_Pyq_fadeIn\">cr\u00e9er <\/span><span class=\"BZ_Pyq_fadeIn\">des <\/span><span class=\"BZ_Pyq_fadeIn\">sourires <\/span><span class=\"BZ_Pyq_fadeIn\">naturels <\/span><span class=\"BZ_Pyq_fadeIn\">en <\/span><span class=\"BZ_Pyq_fadeIn\">harmonie <\/span><span class=\"BZ_Pyq_fadeIn\">avec <\/span><span class=\"BZ_Pyq_fadeIn\">les <\/span><span class=\"BZ_Pyq_fadeIn\">traits <\/span><span class=\"BZ_Pyq_fadeIn\">du <\/span><span class=\"BZ_Pyq_fadeIn\">visage. <\/span><span class=\"BZ_Pyq_fadeIn\">Gr\u00e2ce <\/span><span class=\"BZ_Pyq_fadeIn\">\u00e0 <\/span><span class=\"BZ_Pyq_fadeIn\">une <\/span><span class=\"BZ_Pyq_fadeIn\">formation <\/span><span class=\"BZ_Pyq_fadeIn\">avanc\u00e9e <\/span><span class=\"BZ_Pyq_fadeIn\">en <\/span><span class=\"BZ_Pyq_fadeIn\">implantologie <\/span><span class=\"BZ_Pyq_fadeIn\">et <\/span><span class=\"BZ_Pyq_fadeIn\">en <\/span><span class=\"BZ_Pyq_fadeIn\">proth\u00e8ses, <\/span><span class=\"BZ_Pyq_fadeIn\">il <\/span><span class=\"BZ_Pyq_fadeIn\">propose <\/span><span class=\"BZ_Pyq_fadeIn\">des <\/span><span class=\"BZ_Pyq_fadeIn\">restaurations <\/span><span class=\"BZ_Pyq_fadeIn\">\u00e0 <\/span><span class=\"BZ_Pyq_fadeIn\">la <\/span><span class=\"BZ_Pyq_fadeIn\">fois <\/span><span class=\"BZ_Pyq_fadeIn\">fonctionnelles <\/span><span class=\"BZ_Pyq_fadeIn\">et <\/span><span class=\"BZ_Pyq_fadeIn\">esth\u00e9tiques. <\/span><span class=\"BZ_Pyq_fadeIn\">Il <\/span><span class=\"BZ_Pyq_fadeIn\">poss\u00e8de <\/span><span class=\"BZ_Pyq_fadeIn\">\u00e9galement <\/span><span class=\"BZ_Pyq_fadeIn\">une <\/span><span class=\"BZ_Pyq_fadeIn\">solide <\/span><span class=\"BZ_Pyq_fadeIn\">exp\u00e9rience <\/span><span class=\"BZ_Pyq_fadeIn\">avec <\/span><span class=\"BZ_Pyq_fadeIn\">les <\/span><span class=\"BZ_Pyq_fadeIn\">patients <\/span><span class=\"BZ_Pyq_fadeIn\">internationaux.<\/span><\/p>\t\t\t\t\t\t\t\t<\/div>\n\t\t\t\t<\/div>\n\t\t<div class=\"elementor-element elementor-element-687176d e-con-full e-flex e-con e-child\" data-id=\"687176d\" data-element_type=\"container\" data-e-type=\"container\">\n\t\t\t\t<div class=\"elementor-element elementor-element-dfd62b8 elementor-widget elementor-widget-image\" data-id=\"dfd62b8\" data-element_type=\"widget\" data-e-type=\"widget\" data-widget_type=\"image.default\">\n\t\t\t\t\t\t\t\t\t\t\t\t\t\t\t<img decoding=\"async\" width=\"1024\" height=\"1024\" src=\"https:\/\/btcagizvedispoliklinigi.com\/wp-content\/uploads\/2026\/03\/Dt.-Jafar.jpeg\" class=\"attachment-full size-full wp-image-1522\" alt=\"\" srcset=\"https:\/\/btcagizvedispoliklinigi.com\/wp-content\/uploads\/2026\/03\/Dt.-Jafar.jpeg 1024w, https:\/\/btcagizvedispoliklinigi.com\/wp-content\/uploads\/2026\/03\/Dt.-Jafar-300x300.jpeg 300w, https:\/\/btcagizvedispoliklinigi.com\/wp-content\/uploads\/2026\/03\/Dt.-Jafar-150x150.jpeg 150w, https:\/\/btcagizvedispoliklinigi.com\/wp-content\/uploads\/2026\/03\/Dt.-Jafar-768x768.jpeg 768w, https:\/\/btcagizvedispoliklinigi.com\/wp-content\/uploads\/2026\/03\/Dt.-Jafar-600x600.jpeg 600w, https:\/\/btcagizvedispoliklinigi.com\/wp-content\/uploads\/2026\/03\/Dt.-Jafar-100x100.jpeg 100w\" sizes=\"(max-width: 1024px) 100vw, 1024px\" \/>\t\t\t\t\t\t\t\t\t\t\t\t\t\t\t<\/div>\n\t\t\t\t<div class=\"elementor-element elementor-element-3a8fbf7 elementor-widget elementor-widget-heading\" data-id=\"3a8fbf7\" data-element_type=\"widget\" data-e-type=\"widget\" data-widget_type=\"heading.default\">\n\t\t\t\t\t<h2 class=\"elementor-heading-title elementor-size-default\"><a href=\"\/fr\/dt-jafar-alnajim\/\">Dr. Jafar Alnajim<\/a><\/h2>\t\t\t\t<\/div>\n\t\t\t\t<div class=\"elementor-element elementor-element-e279010 elementor-widget elementor-widget-text-editor\" data-id=\"e279010\" data-element_type=\"widget\" data-e-type=\"widget\" data-widget_type=\"text-editor.default\">\n\t\t\t\t\t\t\t\t\t<p><span class=\"BZ_Pyq_fadeIn\">Le <\/span><span class=\"BZ_Pyq_fadeIn\">Dr <\/span><span class=\"BZ_Pyq_fadeIn\">Jafar <\/span><span class=\"BZ_Pyq_fadeIn\">Alnajim <\/span><span class=\"BZ_Pyq_fadeIn\">est <\/span><span class=\"BZ_Pyq_fadeIn\">un <\/span><span class=\"BZ_Pyq_fadeIn\">chirurgien-<\/span><span class=\"BZ_Pyq_fadeIn\">dentiste <\/span><span class=\"BZ_Pyq_fadeIn\">dipl\u00f4m\u00e9 <\/span><span class=\"BZ_Pyq_fadeIn\">avec <\/span><span class=\"BZ_Pyq_fadeIn\">une <\/span><span class=\"BZ_Pyq_fadeIn\">solide <\/span><span class=\"BZ_Pyq_fadeIn\">exp\u00e9rience <\/span><span class=\"BZ_Pyq_fadeIn\">en <\/span><span class=\"BZ_Pyq_fadeIn\">implantologie, <\/span><span class=\"BZ_Pyq_fadeIn\">proth\u00e8ses <\/span><span class=\"BZ_Pyq_fadeIn\">et <\/span><span class=\"BZ_Pyq_fadeIn\">dentisterie <\/span><span class=\"BZ_Pyq_fadeIn\">esth\u00e9tique. <\/span><span class=\"BZ_Pyq_fadeIn\">Il <\/span><span class=\"BZ_Pyq_fadeIn\">poss\u00e8de <\/span><span class=\"BZ_Pyq_fadeIn\">une <\/span><span class=\"BZ_Pyq_fadeIn\">grande <\/span><span class=\"BZ_Pyq_fadeIn\">exp\u00e9rience <\/span><span class=\"BZ_Pyq_fadeIn\">avec <\/span><span class=\"BZ_Pyq_fadeIn\">les <\/span><span class=\"BZ_Pyq_fadeIn\">patients <\/span><span class=\"BZ_Pyq_fadeIn\">internationaux <\/span><span class=\"BZ_Pyq_fadeIn\">et <\/span><span class=\"BZ_Pyq_fadeIn\">le <\/span><span class=\"BZ_Pyq_fadeIn\">tourisme <\/span><span class=\"BZ_Pyq_fadeIn\">m\u00e9dical. <\/span><span class=\"BZ_Pyq_fadeIn\">En <\/span><span class=\"BZ_Pyq_fadeIn\">tant <\/span><span class=\"BZ_Pyq_fadeIn\">que <\/span><span class=\"BZ_Pyq_fadeIn\">directeur <\/span><span class=\"BZ_Pyq_fadeIn\">clinique <\/span><span class=\"BZ_Pyq_fadeIn\">\u00e0 <\/span><span class=\"BZ_Pyq_fadeIn\">Istanbul, <\/span><span class=\"BZ_Pyq_fadeIn\">il <\/span><span class=\"BZ_Pyq_fadeIn\">a <\/span><span class=\"BZ_Pyq_fadeIn\">supervis\u00e9 <\/span><span class=\"BZ_Pyq_fadeIn\">les <\/span><span class=\"BZ_Pyq_fadeIn\">traitements <\/span><span class=\"BZ_Pyq_fadeIn\">ainsi <\/span><span class=\"BZ_Pyq_fadeIn\">que <\/span><span class=\"BZ_Pyq_fadeIn\">les <\/span><span class=\"BZ_Pyq_fadeIn\">op\u00e9rations <\/span><span class=\"BZ_Pyq_fadeIn\">quotidiennes <\/span><span class=\"BZ_Pyq_fadeIn\">de <\/span><span class=\"BZ_Pyq_fadeIn\">la <\/span><span class=\"BZ_Pyq_fadeIn\">clinique. <\/span><span class=\"BZ_Pyq_fadeIn\">Il <\/span><span class=\"BZ_Pyq_fadeIn\">met <\/span><span class=\"BZ_Pyq_fadeIn\">l\u2019accent <\/span><span class=\"BZ_Pyq_fadeIn\">sur <\/span><span class=\"BZ_Pyq_fadeIn\">des <\/span><span class=\"BZ_Pyq_fadeIn\">soins <\/span><span class=\"BZ_Pyq_fadeIn\">de <\/span><span class=\"BZ_Pyq_fadeIn\">haute <\/span><span class=\"BZ_Pyq_fadeIn\">qualit\u00e9 <\/span><span class=\"BZ_Pyq_fadeIn\">et <\/span><span class=\"BZ_Pyq_fadeIn\">une <\/span><span class=\"BZ_Pyq_fadeIn\">communication <\/span><span class=\"BZ_Pyq_fadeIn\">efficace <\/span><span class=\"BZ_Pyq_fadeIn\">avec <\/span><span class=\"BZ_Pyq_fadeIn\">les <\/span><span class=\"BZ_Pyq_fadeIn\">patients.<\/span><\/p>\t\t\t\t\t\t\t\t<\/div>\n\t\t\t\t<\/div>\n\t\t\t\t<\/div>\n\t\t\t\t<\/div>\n\t\t\t\t\t<\/div>\n\t\t\t\t<\/div>\n\t\t\t\t<\/div>\n\t\t","protected":false},"excerpt":{"rendered":"<p>Nos m\u00e9decins Dr. Samira Murad La Dr Samira Murad est une chirurgienne-dentiste exp\u00e9riment\u00e9e sp\u00e9cialis\u00e9e en orthodontie. Elle a travaill\u00e9 dans plusieurs cliniques priv\u00e9es \u00e0 Istanbul, acqu\u00e9rant une solide exp\u00e9rience en orthodontie et en dentisterie g\u00e9n\u00e9rale. Elle poursuit actuellement un doctorat en orthodontie \u00e0 l\u2019Universit\u00e9 d\u2019Istanbul. Elle est reconnue pour son professionnalisme, sa communication efficace et [&hellip;]<\/p>\n","protected":false},"author":1,"featured_media":0,"parent":0,"menu_order":0,"comment_status":"closed","ping_status":"closed","template":"elementor_header_footer","meta":{"footnotes":""},"class_list":["post-1688","page","type-page","status-publish","hentry"],"_links":{"self":[{"href":"https:\/\/btcagizvedispoliklinigi.com\/fr\/wp-json\/wp\/v2\/pages\/1688","targetHints":{"allow":["GET"]}}],"collection":[{"href":"https:\/\/btcagizvedispoliklinigi.com\/fr\/wp-json\/wp\/v2\/pages"}],"about":[{"href":"https:\/\/btcagizvedispoliklinigi.com\/fr\/wp-json\/wp\/v2\/types\/page"}],"author":[{"embeddable":true,"href":"https:\/\/btcagizvedispoliklinigi.com\/fr\/wp-json\/wp\/v2\/users\/1"}],"replies":[{"embeddable":true,"href":"https:\/\/btcagizvedispoliklinigi.com\/fr\/wp-json\/wp\/v2\/comments?post=1688"}],"version-history":[{"count":5,"href":"https:\/\/btcagizvedispoliklinigi.com\/fr\/wp-json\/wp\/v2\/pages\/1688\/revisions"}],"predecessor-version":[{"id":1719,"href":"https:\/\/btcagizvedispoliklinigi.com\/fr\/wp-json\/wp\/v2\/pages\/1688\/revisions\/1719"}],"wp:attachment":[{"href":"https:\/\/btcagizvedispoliklinigi.com\/fr\/wp-json\/wp\/v2\/media?parent=1688"}],"curies":[{"name":"wp","href":"https:\/\/api.w.org\/{rel}","templated":true}]}}