{"id":1650,"date":"2026-03-17T16:02:02","date_gmt":"2026-03-17T13:02:02","guid":{"rendered":"https:\/\/btcagizvedispoliklinigi.com\/?page_id=1650"},"modified":"2026-03-17T16:52:29","modified_gmt":"2026-03-17T13:52:29","slug":"dt-jafar-alnajim","status":"publish","type":"page","link":"https:\/\/btcagizvedispoliklinigi.com\/fr\/dt-jafar-alnajim\/","title":{"rendered":"Dt. Jafar Alnajim"},"content":{"rendered":"\t\t<div data-elementor-type=\"wp-page\" data-elementor-id=\"1650\" class=\"elementor elementor-1650 elementor-1636\">\n\t\t\t\t<div class=\"elementor-element elementor-element-dd40d28 e-flex e-con-boxed e-con e-parent\" data-id=\"dd40d28\" data-element_type=\"container\" data-e-type=\"container\">\n\t\t\t\t\t<div class=\"e-con-inner\">\n\t\t<div class=\"elementor-element elementor-element-6856dec e-con-full e-flex e-con e-child\" data-id=\"6856dec\" data-element_type=\"container\" data-e-type=\"container\">\n\t\t<div class=\"elementor-element elementor-element-8abeac1 e-con-full e-flex e-con e-child\" data-id=\"8abeac1\" data-element_type=\"container\" data-e-type=\"container\">\n\t\t\t\t<div class=\"elementor-element elementor-element-2c3ba42 elementor-widget elementor-widget-image\" data-id=\"2c3ba42\" data-element_type=\"widget\" data-e-type=\"widget\" data-widget_type=\"image.default\">\n\t\t\t\t\t\t\t\t\t\t\t\t\t\t\t<img fetchpriority=\"high\" decoding=\"async\" width=\"1024\" height=\"1024\" src=\"https:\/\/btcagizvedispoliklinigi.com\/wp-content\/uploads\/2026\/03\/Dt.-Jafar.jpeg\" class=\"attachment-large size-large wp-image-1522\" alt=\"\" srcset=\"https:\/\/btcagizvedispoliklinigi.com\/wp-content\/uploads\/2026\/03\/Dt.-Jafar.jpeg 1024w, https:\/\/btcagizvedispoliklinigi.com\/wp-content\/uploads\/2026\/03\/Dt.-Jafar-300x300.jpeg 300w, https:\/\/btcagizvedispoliklinigi.com\/wp-content\/uploads\/2026\/03\/Dt.-Jafar-150x150.jpeg 150w, https:\/\/btcagizvedispoliklinigi.com\/wp-content\/uploads\/2026\/03\/Dt.-Jafar-768x768.jpeg 768w, https:\/\/btcagizvedispoliklinigi.com\/wp-content\/uploads\/2026\/03\/Dt.-Jafar-600x600.jpeg 600w, https:\/\/btcagizvedispoliklinigi.com\/wp-content\/uploads\/2026\/03\/Dt.-Jafar-100x100.jpeg 100w\" sizes=\"(max-width: 1024px) 100vw, 1024px\" \/>\t\t\t\t\t\t\t\t\t\t\t\t\t\t\t<\/div>\n\t\t\t\t<\/div>\n\t\t<div class=\"elementor-element elementor-element-40f5823 e-con-full e-flex e-con e-child\" data-id=\"40f5823\" data-element_type=\"container\" data-e-type=\"container\">\n\t\t\t\t<div class=\"elementor-element elementor-element-67c3026 elementor-widget elementor-widget-heading\" data-id=\"67c3026\" data-element_type=\"widget\" data-e-type=\"widget\" data-widget_type=\"heading.default\">\n\t\t\t\t\t<h2 class=\"elementor-heading-title elementor-size-default\">Dt. Jafar Alnajim<\/h2>\t\t\t\t<\/div>\n\t\t\t\t<div class=\"elementor-element elementor-element-7591836 elementor-widget elementor-widget-text-editor\" data-id=\"7591836\" data-element_type=\"widget\" data-e-type=\"widget\" data-widget_type=\"text-editor.default\">\n\t\t\t\t\t\t\t\t\t<p data-start=\"3787\" data-end=\"3880\">\u00a0<\/p><h3 data-section-id=\"hrlnjd\" data-start=\"3887\" data-end=\"3915\"><strong data-start=\"3891\" data-end=\"3915\"><span class=\"BZ_Pyq_fadeIn\">Profil <\/span><span class=\"BZ_Pyq_fadeIn\">Professionnel<\/span><\/strong><\/h3><p data-start=\"3916\" data-end=\"4129\"><span class=\"BZ_Pyq_fadeIn\">Chirurgien-<\/span><span class=\"BZ_Pyq_fadeIn\">dentiste <\/span><span class=\"BZ_Pyq_fadeIn\">agr\u00e9\u00e9 <\/span><span class=\"BZ_Pyq_fadeIn\">avec <\/span><span class=\"BZ_Pyq_fadeIn\">plus <\/span><span class=\"BZ_Pyq_fadeIn\">de <\/span><span class=\"BZ_Pyq_fadeIn\">3 <\/span><span class=\"BZ_Pyq_fadeIn\">ans <\/span><span class=\"BZ_Pyq_fadeIn\">d\u2019exp\u00e9rience <\/span><span class=\"BZ_Pyq_fadeIn\">clinique, <\/span><span class=\"BZ_Pyq_fadeIn\">sp\u00e9cialis\u00e9 <\/span><span class=\"BZ_Pyq_fadeIn\">en <\/span><span class=\"BZ_Pyq_fadeIn\">tourisme <\/span><span class=\"BZ_Pyq_fadeIn\">m\u00e9dical. <\/span><span class=\"BZ_Pyq_fadeIn\">Actuellement <\/span><span class=\"BZ_Pyq_fadeIn\">Directeur <\/span><span class=\"BZ_Pyq_fadeIn\">Clinique <\/span><span class=\"BZ_Pyq_fadeIn\">\u00e0 <\/span><span class=\"BZ_Pyq_fadeIn\">Istanbul, <\/span><span class=\"BZ_Pyq_fadeIn\">avec <\/span><span class=\"BZ_Pyq_fadeIn\">expertise <\/span><span class=\"BZ_Pyq_fadeIn\">en <\/span><span class=\"BZ_Pyq_fadeIn\">implantologie, <\/span><span class=\"BZ_Pyq_fadeIn\">proth\u00e8ses <\/span><span class=\"BZ_Pyq_fadeIn\">et <\/span><span class=\"BZ_Pyq_fadeIn\">dentisterie <\/span><span class=\"BZ_Pyq_fadeIn\">esth\u00e9tique.<\/span><\/p><hr data-start=\"4131\" data-end=\"4134\" \/><h3 data-section-id=\"k68r4k\" data-start=\"4136\" data-end=\"4154\"><strong data-start=\"4140\" data-end=\"4154\"><span class=\"BZ_Pyq_fadeIn\">Exp\u00e9rience<\/span><\/strong><\/h3><p data-start=\"4156\" data-end=\"4241\"><strong data-start=\"4156\" data-end=\"4201\"><span class=\"BZ_Pyq_fadeIn\">Directeur <\/span><span class=\"BZ_Pyq_fadeIn\">Clinique \/ <\/span><span class=\"BZ_Pyq_fadeIn\">Dentiste <\/span><span class=\"BZ_Pyq_fadeIn\">G\u00e9n\u00e9raliste<\/span><\/strong><br data-start=\"4201\" data-end=\"4204\" \/><span class=\"BZ_Pyq_fadeIn\">RYL <\/span><span class=\"BZ_Pyq_fadeIn\">Clinic \u2013 <\/span><span class=\"BZ_Pyq_fadeIn\">Istanbul<\/span><br data-start=\"4225\" data-end=\"4228\" \/><span class=\"BZ_Pyq_fadeIn\">2023 \u2013 <\/span><span class=\"BZ_Pyq_fadeIn\">2025<\/span><\/p><ul data-start=\"4243\" data-end=\"4432\"><li data-section-id=\"ra1ye8\" data-start=\"4243\" data-end=\"4290\"><p data-start=\"4245\" data-end=\"4290\"><span class=\"BZ_Pyq_fadeIn\">Promotion <\/span><span class=\"BZ_Pyq_fadeIn\">rapide <\/span><span class=\"BZ_Pyq_fadeIn\">vers <\/span><span class=\"BZ_Pyq_fadeIn\">un <\/span><span class=\"BZ_Pyq_fadeIn\">poste <\/span><span class=\"BZ_Pyq_fadeIn\">de <\/span><span class=\"BZ_Pyq_fadeIn\">direction<\/span><\/p><\/li><li data-section-id=\"xp357o\" data-start=\"4291\" data-end=\"4341\"><p data-start=\"4293\" data-end=\"4341\"><span class=\"BZ_Pyq_fadeIn\">Gestion <\/span><span class=\"BZ_Pyq_fadeIn\">quotidienne <\/span><span class=\"BZ_Pyq_fadeIn\">de <\/span><span class=\"BZ_Pyq_fadeIn\">patients <\/span><span class=\"BZ_Pyq_fadeIn\">internationaux<\/span><\/p><\/li><li data-section-id=\"ogl85o\" data-start=\"4342\" data-end=\"4391\"><p data-start=\"4344\" data-end=\"4391\"><span class=\"BZ_Pyq_fadeIn\">Prise <\/span><span class=\"BZ_Pyq_fadeIn\">en <\/span><span class=\"BZ_Pyq_fadeIn\">charge <\/span><span class=\"BZ_Pyq_fadeIn\">compl\u00e8te <\/span><span class=\"BZ_Pyq_fadeIn\">des <\/span><span class=\"BZ_Pyq_fadeIn\">cas <\/span><span class=\"BZ_Pyq_fadeIn\">implantaires<\/span><\/p><\/li><li data-section-id=\"u0mh8m\" data-start=\"4392\" data-end=\"4432\"><p data-start=\"4394\" data-end=\"4432\"><span class=\"BZ_Pyq_fadeIn\">Supervision <\/span><span class=\"BZ_Pyq_fadeIn\">des <\/span><span class=\"BZ_Pyq_fadeIn\">op\u00e9rations <\/span><span class=\"BZ_Pyq_fadeIn\">cliniques<\/span><\/p><\/li><\/ul><hr data-start=\"4434\" data-end=\"4437\" \/><p data-start=\"4439\" data-end=\"4502\"><strong data-start=\"4439\" data-end=\"4463\"><span class=\"BZ_Pyq_fadeIn\">Dentiste <\/span><span class=\"BZ_Pyq_fadeIn\">G\u00e9n\u00e9raliste<\/span><\/strong><br data-start=\"4463\" data-end=\"4466\" \/><span class=\"BZ_Pyq_fadeIn\">Hospitadent \u2013 <\/span><span class=\"BZ_Pyq_fadeIn\">Mersin<\/span><br data-start=\"4486\" data-end=\"4489\" \/><span class=\"BZ_Pyq_fadeIn\">2022 \u2013 <\/span><span class=\"BZ_Pyq_fadeIn\">2023<\/span><\/p><ul data-start=\"4504\" data-end=\"4589\"><li data-section-id=\"6x0j9s\" data-start=\"4504\" data-end=\"4543\"><p data-start=\"4506\" data-end=\"4543\"><span class=\"BZ_Pyq_fadeIn\">Soins <\/span><span class=\"BZ_Pyq_fadeIn\">dentaires <\/span><span class=\"BZ_Pyq_fadeIn\">g\u00e9n\u00e9raux <\/span><span class=\"BZ_Pyq_fadeIn\">et <\/span><span class=\"BZ_Pyq_fadeIn\">avanc\u00e9s<\/span><\/p><\/li><li data-section-id=\"ru70y5\" data-start=\"4544\" data-end=\"4589\"><p data-start=\"4546\" data-end=\"4589\"><span class=\"BZ_Pyq_fadeIn\">Coordination <\/span><span class=\"BZ_Pyq_fadeIn\">avec <\/span><span class=\"BZ_Pyq_fadeIn\">patients <\/span><span class=\"BZ_Pyq_fadeIn\">internationaux<\/span><\/p><\/li><\/ul><hr data-start=\"4591\" data-end=\"4594\" \/><h3 data-section-id=\"1n77ve5\" data-start=\"4596\" data-end=\"4613\"><strong data-start=\"4600\" data-end=\"4613\"><span class=\"BZ_Pyq_fadeIn\">Formation<\/span><\/strong><\/h3><p data-start=\"4615\" data-end=\"4682\"><strong data-start=\"4615\" data-end=\"4655\"><span class=\"BZ_Pyq_fadeIn\">Doctorat <\/span><span class=\"BZ_Pyq_fadeIn\">en <\/span><span class=\"BZ_Pyq_fadeIn\">Chirurgie <\/span><span class=\"BZ_Pyq_fadeIn\">Dentaire (<\/span><span class=\"BZ_Pyq_fadeIn\">DDS)<\/span><\/strong><br data-start=\"4655\" data-end=\"4658\" \/><span class=\"BZ_Pyq_fadeIn\">Universit\u00e9 <\/span><span class=\"BZ_Pyq_fadeIn\">Ege \u2013 <\/span><span class=\"BZ_Pyq_fadeIn\">Izmir<\/span><\/p><p data-start=\"4684\" data-end=\"4718\"><strong data-start=\"4684\" data-end=\"4709\"><span class=\"BZ_Pyq_fadeIn\">Formation <\/span><span class=\"BZ_Pyq_fadeIn\">Pr\u00e9clinique<\/span><\/strong><br data-start=\"4709\" data-end=\"4712\" \/><span class=\"BZ_Pyq_fadeIn\">IUST<\/span><\/p><hr data-start=\"4720\" data-end=\"4723\" \/><h3 data-section-id=\"fmsv2s\" data-start=\"4725\" data-end=\"4744\"><strong data-start=\"4729\" data-end=\"4744\"><span class=\"BZ_Pyq_fadeIn\">Comp\u00e9tences<\/span><\/strong><\/h3><ul data-start=\"4745\" data-end=\"4885\"><li data-section-id=\"s3rrjm\" data-start=\"4745\" data-end=\"4774\"><p data-start=\"4747\" data-end=\"4774\"><span class=\"BZ_Pyq_fadeIn\">Implantologie <\/span><span class=\"BZ_Pyq_fadeIn\">et <\/span><span class=\"BZ_Pyq_fadeIn\">proth\u00e8se<\/span><\/p><\/li><li data-section-id=\"hjw5cp\" data-start=\"4775\" data-end=\"4801\"><p data-start=\"4777\" data-end=\"4801\"><span class=\"BZ_Pyq_fadeIn\">Dentisterie <\/span><span class=\"BZ_Pyq_fadeIn\">esth\u00e9tique<\/span><\/p><\/li><li data-section-id=\"1yu5b6d\" data-start=\"4802\" data-end=\"4816\"><p data-start=\"4804\" data-end=\"4816\"><span class=\"BZ_Pyq_fadeIn\">Endodontie<\/span><\/p><\/li><li data-section-id=\"mfeo7p\" data-start=\"4817\" data-end=\"4840\"><p data-start=\"4819\" data-end=\"4840\"><span class=\"BZ_Pyq_fadeIn\">Radiologie <\/span><span class=\"BZ_Pyq_fadeIn\">dentaire<\/span><\/p><\/li><li data-section-id=\"k3wr7o\" data-start=\"4841\" data-end=\"4864\"><p data-start=\"4843\" data-end=\"4864\"><span class=\"BZ_Pyq_fadeIn\">Gestion <\/span><span class=\"BZ_Pyq_fadeIn\">de <\/span><span class=\"BZ_Pyq_fadeIn\">clinique<\/span><\/p><\/li><li data-section-id=\"t1mf0h\" data-start=\"4865\" data-end=\"4885\"><p data-start=\"4867\" data-end=\"4885\"><span class=\"BZ_Pyq_fadeIn\">Tourisme <\/span><span class=\"BZ_Pyq_fadeIn\">m\u00e9dical<\/span><\/p><\/li><\/ul><hr data-start=\"4887\" data-end=\"4890\" \/><h3 data-section-id=\"mzukgx\" data-start=\"4892\" data-end=\"4907\"><strong data-start=\"4896\" data-end=\"4907\"><span class=\"BZ_Pyq_fadeIn\">Langues<\/span><\/strong><\/h3><p data-start=\"4908\" data-end=\"4962\"><span class=\"BZ_Pyq_fadeIn\">Arabe (<\/span><span class=\"BZ_Pyq_fadeIn\">langue <\/span><span class=\"BZ_Pyq_fadeIn\">maternelle)<\/span><br data-start=\"4933\" data-end=\"4936\" \/><span class=\"BZ_Pyq_fadeIn\">Turc (<\/span><span class=\"BZ_Pyq_fadeIn\">C2)<\/span><br data-start=\"4945\" data-end=\"4948\" \/><span class=\"BZ_Pyq_fadeIn\">Anglais (<\/span><span class=\"BZ_Pyq_fadeIn\">C2)<\/span><\/p>\t\t\t\t\t\t\t\t<\/div>\n\t\t\t\t<\/div>\n\t\t\t\t<\/div>\n\t\t\t\t\t<\/div>\n\t\t\t\t<\/div>\n\t\t\t\t<\/div>\n\t\t","protected":false},"excerpt":{"rendered":"<p>Dt. Jafar Alnajim \u00a0 Profil Professionnel Chirurgien-dentiste agr\u00e9\u00e9 avec plus de 3 ans d\u2019exp\u00e9rience clinique, sp\u00e9cialis\u00e9 en tourisme m\u00e9dical. Actuellement Directeur Clinique \u00e0 Istanbul, avec expertise en implantologie, proth\u00e8ses et dentisterie esth\u00e9tique. Exp\u00e9rience Directeur Clinique \/ Dentiste G\u00e9n\u00e9ralisteRYL Clinic \u2013 Istanbul2023 \u2013 2025 Promotion rapide vers un poste de direction Gestion quotidienne de patients internationaux [&hellip;]<\/p>\n","protected":false},"author":1,"featured_media":0,"parent":0,"menu_order":0,"comment_status":"closed","ping_status":"closed","template":"elementor_header_footer","meta":{"footnotes":""},"class_list":["post-1650","page","type-page","status-publish","hentry"],"_links":{"self":[{"href":"https:\/\/btcagizvedispoliklinigi.com\/fr\/wp-json\/wp\/v2\/pages\/1650","targetHints":{"allow":["GET"]}}],"collection":[{"href":"https:\/\/btcagizvedispoliklinigi.com\/fr\/wp-json\/wp\/v2\/pages"}],"about":[{"href":"https:\/\/btcagizvedispoliklinigi.com\/fr\/wp-json\/wp\/v2\/types\/page"}],"author":[{"embeddable":true,"href":"https:\/\/btcagizvedispoliklinigi.com\/fr\/wp-json\/wp\/v2\/users\/1"}],"replies":[{"embeddable":true,"href":"https:\/\/btcagizvedispoliklinigi.com\/fr\/wp-json\/wp\/v2\/comments?post=1650"}],"version-history":[{"count":7,"href":"https:\/\/btcagizvedispoliklinigi.com\/fr\/wp-json\/wp\/v2\/pages\/1650\/revisions"}],"predecessor-version":[{"id":1746,"href":"https:\/\/btcagizvedispoliklinigi.com\/fr\/wp-json\/wp\/v2\/pages\/1650\/revisions\/1746"}],"wp:attachment":[{"href":"https:\/\/btcagizvedispoliklinigi.com\/fr\/wp-json\/wp\/v2\/media?parent=1650"}],"curies":[{"name":"wp","href":"https:\/\/api.w.org\/{rel}","templated":true}]}}