{"id":1623,"date":"2026-03-17T15:55:29","date_gmt":"2026-03-17T12:55:29","guid":{"rendered":"https:\/\/btcagizvedispoliklinigi.com\/?page_id=1623"},"modified":"2026-03-17T16:52:16","modified_gmt":"2026-03-17T13:52:16","slug":"dr-samira-murad","status":"publish","type":"page","link":"https:\/\/btcagizvedispoliklinigi.com\/fr\/dr-samira-murad\/","title":{"rendered":"Dr. SAM\u0130RA MURAD"},"content":{"rendered":"\t\t<div data-elementor-type=\"wp-page\" data-elementor-id=\"1623\" class=\"elementor elementor-1623 elementor-1612\">\n\t\t\t\t<div class=\"elementor-element elementor-element-f823f29 e-flex e-con-boxed e-con e-parent\" data-id=\"f823f29\" data-element_type=\"container\" data-e-type=\"container\">\n\t\t\t\t\t<div class=\"e-con-inner\">\n\t\t<div class=\"elementor-element elementor-element-b81afab e-con-full e-flex e-con e-child\" data-id=\"b81afab\" data-element_type=\"container\" data-e-type=\"container\">\n\t\t<div class=\"elementor-element elementor-element-b1ede40 e-con-full e-flex e-con e-child\" data-id=\"b1ede40\" data-element_type=\"container\" data-e-type=\"container\">\n\t\t\t\t<div class=\"elementor-element elementor-element-e8fec15 elementor-widget elementor-widget-image\" data-id=\"e8fec15\" data-element_type=\"widget\" data-e-type=\"widget\" data-widget_type=\"image.default\">\n\t\t\t\t\t\t\t\t\t\t\t\t\t\t\t<img fetchpriority=\"high\" decoding=\"async\" width=\"1024\" height=\"1024\" src=\"https:\/\/btcagizvedispoliklinigi.com\/wp-content\/uploads\/2026\/03\/Dt.-Samira.jpeg\" class=\"attachment-large size-large wp-image-1523\" alt=\"\" srcset=\"https:\/\/btcagizvedispoliklinigi.com\/wp-content\/uploads\/2026\/03\/Dt.-Samira.jpeg 1024w, https:\/\/btcagizvedispoliklinigi.com\/wp-content\/uploads\/2026\/03\/Dt.-Samira-300x300.jpeg 300w, https:\/\/btcagizvedispoliklinigi.com\/wp-content\/uploads\/2026\/03\/Dt.-Samira-150x150.jpeg 150w, https:\/\/btcagizvedispoliklinigi.com\/wp-content\/uploads\/2026\/03\/Dt.-Samira-768x768.jpeg 768w, https:\/\/btcagizvedispoliklinigi.com\/wp-content\/uploads\/2026\/03\/Dt.-Samira-600x600.jpeg 600w, https:\/\/btcagizvedispoliklinigi.com\/wp-content\/uploads\/2026\/03\/Dt.-Samira-100x100.jpeg 100w\" sizes=\"(max-width: 1024px) 100vw, 1024px\" \/>\t\t\t\t\t\t\t\t\t\t\t\t\t\t\t<\/div>\n\t\t\t\t<\/div>\n\t\t<div class=\"elementor-element elementor-element-3ab0f05 e-con-full e-flex e-con e-child\" data-id=\"3ab0f05\" data-element_type=\"container\" data-e-type=\"container\">\n\t\t\t\t<div class=\"elementor-element elementor-element-ae409e5 elementor-widget elementor-widget-heading\" data-id=\"ae409e5\" data-element_type=\"widget\" data-e-type=\"widget\" data-widget_type=\"heading.default\">\n\t\t\t\t\t<h2 class=\"elementor-heading-title elementor-size-default\">Dr. SAM\u0130RA MURAD<\/h2>\t\t\t\t<\/div>\n\t\t\t\t<div class=\"elementor-element elementor-element-19ed20b elementor-widget elementor-widget-text-editor\" data-id=\"19ed20b\" data-element_type=\"widget\" data-e-type=\"widget\" data-widget_type=\"text-editor.default\">\n\t\t\t\t\t\t\t\t\t<p>\u00a0<\/p><h3 data-section-id=\"hrlnjd\" data-start=\"308\" data-end=\"336\"><strong data-start=\"312\" data-end=\"336\"><span class=\"BZ_Pyq_fadeIn\">Profil <\/span><span class=\"BZ_Pyq_fadeIn\">Professionnel<\/span><\/strong><\/h3><p data-start=\"337\" data-end=\"605\"><span class=\"BZ_Pyq_fadeIn\">Chirurgien-<\/span><span class=\"BZ_Pyq_fadeIn\">dentiste <\/span><span class=\"BZ_Pyq_fadeIn\">exp\u00e9riment\u00e9e, <\/span><span class=\"BZ_Pyq_fadeIn\">ayant <\/span><span class=\"BZ_Pyq_fadeIn\">exerc\u00e9 <\/span><span class=\"BZ_Pyq_fadeIn\">dans <\/span><span class=\"BZ_Pyq_fadeIn\">plusieurs <\/span><span class=\"BZ_Pyq_fadeIn\">cliniques <\/span><span class=\"BZ_Pyq_fadeIn\">priv\u00e9es <\/span><span class=\"BZ_Pyq_fadeIn\">et <\/span><span class=\"BZ_Pyq_fadeIn\">centres <\/span><span class=\"BZ_Pyq_fadeIn\">de <\/span><span class=\"BZ_Pyq_fadeIn\">tourisme <\/span><span class=\"BZ_Pyq_fadeIn\">m\u00e9dical <\/span><span class=\"BZ_Pyq_fadeIn\">\u00e0 <\/span><span class=\"BZ_Pyq_fadeIn\">Istanbul. <\/span><span class=\"BZ_Pyq_fadeIn\">Actuellement <\/span><span class=\"BZ_Pyq_fadeIn\">doctorante <\/span><span class=\"BZ_Pyq_fadeIn\">en <\/span><span class=\"BZ_Pyq_fadeIn\">orthodontie, <\/span><span class=\"BZ_Pyq_fadeIn\">avec <\/span><span class=\"BZ_Pyq_fadeIn\">une <\/span><span class=\"BZ_Pyq_fadeIn\">expertise <\/span><span class=\"BZ_Pyq_fadeIn\">avanc\u00e9e <\/span><span class=\"BZ_Pyq_fadeIn\">en <\/span><span class=\"BZ_Pyq_fadeIn\">orthodontie, <\/span><span class=\"BZ_Pyq_fadeIn\">dentisterie <\/span><span class=\"BZ_Pyq_fadeIn\">esth\u00e9tique <\/span><span class=\"BZ_Pyq_fadeIn\">et <\/span><span class=\"BZ_Pyq_fadeIn\">gestion <\/span><span class=\"BZ_Pyq_fadeIn\">des <\/span><span class=\"BZ_Pyq_fadeIn\">patients <\/span><span class=\"BZ_Pyq_fadeIn\">internationaux.<\/span><\/p><hr data-start=\"607\" data-end=\"610\" \/><h3 data-section-id=\"gr5plo\" data-start=\"612\" data-end=\"646\"><strong data-start=\"616\" data-end=\"646\"><span class=\"BZ_Pyq_fadeIn\">Exp\u00e9rience <\/span><span class=\"BZ_Pyq_fadeIn\">Professionnelle<\/span><\/strong><\/h3><p data-start=\"648\" data-end=\"765\"><strong data-start=\"648\" data-end=\"687\"><span class=\"BZ_Pyq_fadeIn\">Chirurgien-<\/span><span class=\"BZ_Pyq_fadeIn\">dentiste (<\/span><span class=\"BZ_Pyq_fadeIn\">Temps <\/span><span class=\"BZ_Pyq_fadeIn\">partiel)<\/span><\/strong><br data-start=\"687\" data-end=\"690\" \/><span class=\"BZ_Pyq_fadeIn\">Dentopia <\/span><span class=\"BZ_Pyq_fadeIn\">Centre <\/span><span class=\"BZ_Pyq_fadeIn\">de <\/span><span class=\"BZ_Pyq_fadeIn\">Sant\u00e9 <\/span><span class=\"BZ_Pyq_fadeIn\">Bucco-<\/span><span class=\"BZ_Pyq_fadeIn\">Dentaire \u2013 <\/span><span class=\"BZ_Pyq_fadeIn\">Istanbul<\/span><br data-start=\"740\" data-end=\"743\" \/><span class=\"BZ_Pyq_fadeIn\">Oct <\/span><span class=\"BZ_Pyq_fadeIn\">2024 \u2013 <\/span><span class=\"BZ_Pyq_fadeIn\">Ao\u00fbt <\/span><span class=\"BZ_Pyq_fadeIn\">2025<\/span><\/p><p data-start=\"767\" data-end=\"849\"><strong data-start=\"767\" data-end=\"784\"><span class=\"BZ_Pyq_fadeIn\">Orthodontiste<\/span><\/strong><br data-start=\"784\" data-end=\"787\" \/><span class=\"BZ_Pyq_fadeIn\">Marina <\/span><span class=\"BZ_Pyq_fadeIn\">Polyclinique <\/span><span class=\"BZ_Pyq_fadeIn\">Dentaire \u2013 <\/span><span class=\"BZ_Pyq_fadeIn\">Istanbul<\/span><br data-start=\"826\" data-end=\"829\" \/><span class=\"BZ_Pyq_fadeIn\">Nov <\/span><span class=\"BZ_Pyq_fadeIn\">2023 \u2013 <\/span><span class=\"BZ_Pyq_fadeIn\">Pr\u00e9sent<\/span><\/p><p data-start=\"851\" data-end=\"957\"><strong data-start=\"851\" data-end=\"890\"><span class=\"BZ_Pyq_fadeIn\">Chirurgien-<\/span><span class=\"BZ_Pyq_fadeIn\">dentiste (<\/span><span class=\"BZ_Pyq_fadeIn\">Temps <\/span><span class=\"BZ_Pyq_fadeIn\">partiel)<\/span><\/strong><br data-start=\"890\" data-end=\"893\" \/><span class=\"BZ_Pyq_fadeIn\">Alkent <\/span><span class=\"BZ_Pyq_fadeIn\">Polyclinique <\/span><span class=\"BZ_Pyq_fadeIn\">Dentaire \u2013 <\/span><span class=\"BZ_Pyq_fadeIn\">Istanbul<\/span><br data-start=\"932\" data-end=\"935\" \/><span class=\"BZ_Pyq_fadeIn\">Sept <\/span><span class=\"BZ_Pyq_fadeIn\">2021 \u2013 <\/span><span class=\"BZ_Pyq_fadeIn\">Nov <\/span><span class=\"BZ_Pyq_fadeIn\">2023<\/span><\/p><p data-start=\"959\" data-end=\"1053\"><strong data-start=\"959\" data-end=\"1001\"><span class=\"BZ_Pyq_fadeIn\">Chirurgien-<\/span><span class=\"BZ_Pyq_fadeIn\">dentiste (<\/span><span class=\"BZ_Pyq_fadeIn\">Tourisme <\/span><span class=\"BZ_Pyq_fadeIn\">M\u00e9dical)<\/span><\/strong><br data-start=\"1001\" data-end=\"1004\" \/><span class=\"BZ_Pyq_fadeIn\">Beauty <\/span><span class=\"BZ_Pyq_fadeIn\">Clinic \u2013 <\/span><span class=\"BZ_Pyq_fadeIn\">Istanbul<\/span><br data-start=\"1028\" data-end=\"1031\" \/><span class=\"BZ_Pyq_fadeIn\">Jan <\/span><span class=\"BZ_Pyq_fadeIn\">2023 \u2013 <\/span><span class=\"BZ_Pyq_fadeIn\">Juin <\/span><span class=\"BZ_Pyq_fadeIn\">2023<\/span><\/p><p data-start=\"1055\" data-end=\"1148\"><strong data-start=\"1055\" data-end=\"1097\"><span class=\"BZ_Pyq_fadeIn\">Chirurgien-<\/span><span class=\"BZ_Pyq_fadeIn\">dentiste (<\/span><span class=\"BZ_Pyq_fadeIn\">Tourisme <\/span><span class=\"BZ_Pyq_fadeIn\">M\u00e9dical)<\/span><\/strong><br data-start=\"1097\" data-end=\"1100\" \/><span class=\"BZ_Pyq_fadeIn\">Mira <\/span><span class=\"BZ_Pyq_fadeIn\">Clinic \u2013 <\/span><span class=\"BZ_Pyq_fadeIn\">Istanbul<\/span><br data-start=\"1122\" data-end=\"1125\" \/><span class=\"BZ_Pyq_fadeIn\">Juil <\/span><span class=\"BZ_Pyq_fadeIn\">2022 \u2013 <\/span><span class=\"BZ_Pyq_fadeIn\">Ao\u00fbt <\/span><span class=\"BZ_Pyq_fadeIn\">2022<\/span><\/p><p data-start=\"1150\" data-end=\"1249\"><strong data-start=\"1150\" data-end=\"1189\"><span class=\"BZ_Pyq_fadeIn\">Chirurgien-<\/span><span class=\"BZ_Pyq_fadeIn\">dentiste (<\/span><span class=\"BZ_Pyq_fadeIn\">Projet <\/span><span class=\"BZ_Pyq_fadeIn\">S\u0131hhat)<\/span><\/strong><br data-start=\"1189\" data-end=\"1192\" \/><span class=\"BZ_Pyq_fadeIn\">Minist\u00e8re <\/span><span class=\"BZ_Pyq_fadeIn\">de <\/span><span class=\"BZ_Pyq_fadeIn\">la <\/span><span class=\"BZ_Pyq_fadeIn\">Sant\u00e9 \u2013 <\/span><span class=\"BZ_Pyq_fadeIn\">Istanbul<\/span><br data-start=\"1224\" data-end=\"1227\" \/><span class=\"BZ_Pyq_fadeIn\">Oct <\/span><span class=\"BZ_Pyq_fadeIn\">2021 \u2013 <\/span><span class=\"BZ_Pyq_fadeIn\">Juin <\/span><span class=\"BZ_Pyq_fadeIn\">2022<\/span><\/p><p data-start=\"1251\" data-end=\"1334\"><strong data-start=\"1251\" data-end=\"1286\"><span class=\"BZ_Pyq_fadeIn\">Chirurgien-<\/span><span class=\"BZ_Pyq_fadeIn\">dentiste <\/span><span class=\"BZ_Pyq_fadeIn\">G\u00e9n\u00e9raliste<\/span><\/strong><br data-start=\"1286\" data-end=\"1289\" \/><span class=\"BZ_Pyq_fadeIn\">Denta <\/span><span class=\"BZ_Pyq_fadeIn\">Fim \u2013 <\/span><span class=\"BZ_Pyq_fadeIn\">Istanbul<\/span><br data-start=\"1309\" data-end=\"1312\" \/><span class=\"BZ_Pyq_fadeIn\">Oct <\/span><span class=\"BZ_Pyq_fadeIn\">2019 \u2013 <\/span><span class=\"BZ_Pyq_fadeIn\">Juin <\/span><span class=\"BZ_Pyq_fadeIn\">2021<\/span><\/p><p data-start=\"1336\" data-end=\"1441\"><strong data-start=\"1336\" data-end=\"1370\"><span class=\"BZ_Pyq_fadeIn\">Stagiaire <\/span><span class=\"BZ_Pyq_fadeIn\">en <\/span><span class=\"BZ_Pyq_fadeIn\">M\u00e9decine <\/span><span class=\"BZ_Pyq_fadeIn\">Dentaire<\/span><\/strong><br data-start=\"1370\" data-end=\"1373\" \/><span class=\"BZ_Pyq_fadeIn\">Universit\u00e9 <\/span><span class=\"BZ_Pyq_fadeIn\">d\u2019Istanbul \u2013 <\/span><span class=\"BZ_Pyq_fadeIn\">Facult\u00e9 <\/span><span class=\"BZ_Pyq_fadeIn\">de <\/span><span class=\"BZ_Pyq_fadeIn\">M\u00e9decine <\/span><span class=\"BZ_Pyq_fadeIn\">Dentaire<\/span><br data-start=\"1425\" data-end=\"1428\" \/><span class=\"BZ_Pyq_fadeIn\">2017 \u2013 <\/span><span class=\"BZ_Pyq_fadeIn\">2018<\/span><\/p><hr data-start=\"1443\" data-end=\"1446\" \/><h3 data-section-id=\"1n77ve5\" data-start=\"1448\" data-end=\"1465\"><strong data-start=\"1452\" data-end=\"1465\"><span class=\"BZ_Pyq_fadeIn\">Formation<\/span><\/strong><\/h3><p data-start=\"1467\" data-end=\"1567\"><strong data-start=\"1467\" data-end=\"1505\"><span class=\"BZ_Pyq_fadeIn\">Doctorat <\/span><span class=\"BZ_Pyq_fadeIn\">en <\/span><span class=\"BZ_Pyq_fadeIn\">Orthodontie (<\/span><span class=\"BZ_Pyq_fadeIn\">en <\/span><span class=\"BZ_Pyq_fadeIn\">cours)<\/span><\/strong><br data-start=\"1505\" data-end=\"1508\" \/><span class=\"BZ_Pyq_fadeIn\">Universit\u00e9 <\/span><span class=\"BZ_Pyq_fadeIn\">d\u2019Istanbul \u2013 <\/span><span class=\"BZ_Pyq_fadeIn\">Institut <\/span><span class=\"BZ_Pyq_fadeIn\">des <\/span><span class=\"BZ_Pyq_fadeIn\">Sciences <\/span><span class=\"BZ_Pyq_fadeIn\">de <\/span><span class=\"BZ_Pyq_fadeIn\">la <\/span><span class=\"BZ_Pyq_fadeIn\">Sant\u00e9<\/span><\/p><p data-start=\"1569\" data-end=\"1660\"><strong data-start=\"1569\" data-end=\"1608\"><span class=\"BZ_Pyq_fadeIn\">Licence <\/span><span class=\"BZ_Pyq_fadeIn\">en <\/span><span class=\"BZ_Pyq_fadeIn\">Chirurgie <\/span><span class=\"BZ_Pyq_fadeIn\">Dentaire (<\/span><span class=\"BZ_Pyq_fadeIn\">BDS)<\/span><\/strong><br data-start=\"1608\" data-end=\"1611\" \/><span class=\"BZ_Pyq_fadeIn\">Al-<\/span><span class=\"BZ_Pyq_fadeIn\">Farabi <\/span><span class=\"BZ_Pyq_fadeIn\">Colleges \u2013 <\/span><span class=\"BZ_Pyq_fadeIn\">Riyad<\/span><br data-start=\"1637\" data-end=\"1640\" \/><span class=\"BZ_Pyq_fadeIn\">Moyenne : <\/span><span class=\"BZ_Pyq_fadeIn\">4.08 \/ <\/span><span class=\"BZ_Pyq_fadeIn\">5<\/span><\/p><hr data-start=\"1662\" data-end=\"1665\" \/><h3 data-section-id=\"2bpl9v\" data-start=\"1667\" data-end=\"1702\"><strong data-start=\"1671\" data-end=\"1702\"><span class=\"BZ_Pyq_fadeIn\">Certifications &amp; <\/span><span class=\"BZ_Pyq_fadeIn\">Formations<\/span><\/strong><\/h3><ul data-start=\"1703\" data-end=\"1996\"><li data-section-id=\"wb1uet\" data-start=\"1703\" data-end=\"1759\"><p data-start=\"1705\" data-end=\"1759\"><span class=\"BZ_Pyq_fadeIn\">Modules <\/span><span class=\"BZ_Pyq_fadeIn\">d\u2019orthodontie <\/span><span class=\"BZ_Pyq_fadeIn\">I &amp; <\/span><span class=\"BZ_Pyq_fadeIn\">II \u2013 <\/span><span class=\"BZ_Pyq_fadeIn\">Prof. <\/span><span class=\"BZ_Pyq_fadeIn\">Dr. <\/span><span class=\"BZ_Pyq_fadeIn\">Yahya <\/span><span class=\"BZ_Pyq_fadeIn\">Tosun<\/span><\/p><\/li><li data-section-id=\"1irbj2g\" data-start=\"1760\" data-end=\"1799\"><p data-start=\"1762\" data-end=\"1799\"><span class=\"BZ_Pyq_fadeIn\">Chirurgie <\/span><span class=\"BZ_Pyq_fadeIn\">orthognathique (<\/span><span class=\"BZ_Pyq_fadeIn\">LeFort <\/span><span class=\"BZ_Pyq_fadeIn\">I)<\/span><\/p><\/li><li data-section-id=\"1crmm6e\" data-start=\"1800\" data-end=\"1828\"><p data-start=\"1802\" data-end=\"1828\"><span class=\"BZ_Pyq_fadeIn\">Formations <\/span><span class=\"BZ_Pyq_fadeIn\">en <\/span><span class=\"BZ_Pyq_fadeIn\">endodontie<\/span><\/p><\/li><li data-section-id=\"9nlruf\" data-start=\"1829\" data-end=\"1882\"><p data-start=\"1831\" data-end=\"1882\"><span class=\"BZ_Pyq_fadeIn\">Forums <\/span><span class=\"BZ_Pyq_fadeIn\">en <\/span><span class=\"BZ_Pyq_fadeIn\">implantologie <\/span><span class=\"BZ_Pyq_fadeIn\">et <\/span><span class=\"BZ_Pyq_fadeIn\">dentisterie <\/span><span class=\"BZ_Pyq_fadeIn\">esth\u00e9tique<\/span><\/p><\/li><li data-section-id=\"4rlhut\" data-start=\"1883\" data-end=\"1928\"><p data-start=\"1885\" data-end=\"1928\"><span class=\"BZ_Pyq_fadeIn\">Botox &amp; <\/span><span class=\"BZ_Pyq_fadeIn\">fillers (<\/span><span class=\"BZ_Pyq_fadeIn\">lifting <\/span><span class=\"BZ_Pyq_fadeIn\">non <\/span><span class=\"BZ_Pyq_fadeIn\">chirurgical)<\/span><\/p><\/li><li data-section-id=\"1ihpghr\" data-start=\"1929\" data-end=\"1956\"><p data-start=\"1931\" data-end=\"1956\"><span class=\"BZ_Pyq_fadeIn\">Certification <\/span><span class=\"BZ_Pyq_fadeIn\">CPR \u2013 <\/span><span class=\"BZ_Pyq_fadeIn\">BLS<\/span><\/p><\/li><li data-section-id=\"hj8old\" data-start=\"1957\" data-end=\"1996\"><p data-start=\"1959\" data-end=\"1996\"><span class=\"BZ_Pyq_fadeIn\">Invisalign &amp; <\/span><span class=\"BZ_Pyq_fadeIn\">aligneurs <\/span><span class=\"BZ_Pyq_fadeIn\">transparents<\/span><\/p><\/li><\/ul><hr data-start=\"1998\" data-end=\"2001\" \/><h3 data-section-id=\"fmsv2s\" data-start=\"2003\" data-end=\"2022\"><strong data-start=\"2007\" data-end=\"2022\"><span class=\"BZ_Pyq_fadeIn\">Comp\u00e9tences<\/span><\/strong><\/h3><ul data-start=\"2023\" data-end=\"2185\"><li data-section-id=\"qz4p67\" data-start=\"2023\" data-end=\"2062\"><p data-start=\"2025\" data-end=\"2062\"><span class=\"BZ_Pyq_fadeIn\">Orthodontie (<\/span><span class=\"BZ_Pyq_fadeIn\">Invisalign, <\/span><span class=\"BZ_Pyq_fadeIn\">Myobraces)<\/span><\/p><\/li><li data-section-id=\"hjw5cp\" data-start=\"2063\" data-end=\"2089\"><p data-start=\"2065\" data-end=\"2089\"><span class=\"BZ_Pyq_fadeIn\">Dentisterie <\/span><span class=\"BZ_Pyq_fadeIn\">esth\u00e9tique<\/span><\/p><\/li><li data-section-id=\"12ej3sf\" data-start=\"2090\" data-end=\"2112\"><p data-start=\"2092\" data-end=\"2112\"><span class=\"BZ_Pyq_fadeIn\">Implants <\/span><span class=\"BZ_Pyq_fadeIn\">dentaires<\/span><\/p><\/li><li data-section-id=\"10523r7\" data-start=\"2113\" data-end=\"2148\"><p data-start=\"2115\" data-end=\"2148\"><span class=\"BZ_Pyq_fadeIn\">Communication <\/span><span class=\"BZ_Pyq_fadeIn\">avec <\/span><span class=\"BZ_Pyq_fadeIn\">les <\/span><span class=\"BZ_Pyq_fadeIn\">patients<\/span><\/p><\/li><li data-section-id=\"ptwa1r\" data-start=\"2149\" data-end=\"2185\"><p data-start=\"2151\" data-end=\"2185\"><span class=\"BZ_Pyq_fadeIn\">Coordination <\/span><span class=\"BZ_Pyq_fadeIn\">du <\/span><span class=\"BZ_Pyq_fadeIn\">tourisme <\/span><span class=\"BZ_Pyq_fadeIn\">m\u00e9dical<\/span><\/p><\/li><\/ul><hr data-start=\"2187\" data-end=\"2190\" \/><h3 data-section-id=\"mzukgx\" data-start=\"2192\" data-end=\"2207\"><strong data-start=\"2196\" data-end=\"2207\"><span class=\"BZ_Pyq_fadeIn\">Langues<\/span><\/strong><\/h3><p data-start=\"2208\" data-end=\"2283\"><span class=\"BZ_Pyq_fadeIn\">Arabe (<\/span><span class=\"BZ_Pyq_fadeIn\">langue <\/span><span class=\"BZ_Pyq_fadeIn\">maternelle)<\/span><br data-start=\"2233\" data-end=\"2236\" \/><span class=\"BZ_Pyq_fadeIn\">Anglais (<\/span><span class=\"BZ_Pyq_fadeIn\">courant)<\/span><br data-start=\"2253\" data-end=\"2256\" \/><span class=\"BZ_Pyq_fadeIn\">Turc (<\/span><span class=\"BZ_Pyq_fadeIn\">courant)<\/span><br data-start=\"2270\" data-end=\"2273\" \/><span class=\"BZ_Pyq_fadeIn\">Turkm\u00e8ne<\/span><\/p>\t\t\t\t\t\t\t\t<\/div>\n\t\t\t\t<\/div>\n\t\t\t\t<\/div>\n\t\t\t\t\t<\/div>\n\t\t\t\t<\/div>\n\t\t\t\t<\/div>\n\t\t","protected":false},"excerpt":{"rendered":"<p>Dr. SAM\u0130RA MURAD \u00a0 Profil Professionnel Chirurgien-dentiste exp\u00e9riment\u00e9e, ayant exerc\u00e9 dans plusieurs cliniques priv\u00e9es et centres de tourisme m\u00e9dical \u00e0 Istanbul. Actuellement doctorante en orthodontie, avec une expertise avanc\u00e9e en orthodontie, dentisterie esth\u00e9tique et gestion des patients internationaux. Exp\u00e9rience Professionnelle Chirurgien-dentiste (Temps partiel)Dentopia Centre de Sant\u00e9 Bucco-Dentaire \u2013 IstanbulOct 2024 \u2013 Ao\u00fbt 2025 OrthodontisteMarina Polyclinique [&hellip;]<\/p>\n","protected":false},"author":1,"featured_media":0,"parent":0,"menu_order":0,"comment_status":"closed","ping_status":"closed","template":"elementor_header_footer","meta":{"footnotes":""},"class_list":["post-1623","page","type-page","status-publish","hentry"],"_links":{"self":[{"href":"https:\/\/btcagizvedispoliklinigi.com\/fr\/wp-json\/wp\/v2\/pages\/1623","targetHints":{"allow":["GET"]}}],"collection":[{"href":"https:\/\/btcagizvedispoliklinigi.com\/fr\/wp-json\/wp\/v2\/pages"}],"about":[{"href":"https:\/\/btcagizvedispoliklinigi.com\/fr\/wp-json\/wp\/v2\/types\/page"}],"author":[{"embeddable":true,"href":"https:\/\/btcagizvedispoliklinigi.com\/fr\/wp-json\/wp\/v2\/users\/1"}],"replies":[{"embeddable":true,"href":"https:\/\/btcagizvedispoliklinigi.com\/fr\/wp-json\/wp\/v2\/comments?post=1623"}],"version-history":[{"count":10,"href":"https:\/\/btcagizvedispoliklinigi.com\/fr\/wp-json\/wp\/v2\/pages\/1623\/revisions"}],"predecessor-version":[{"id":1743,"href":"https:\/\/btcagizvedispoliklinigi.com\/fr\/wp-json\/wp\/v2\/pages\/1623\/revisions\/1743"}],"wp:attachment":[{"href":"https:\/\/btcagizvedispoliklinigi.com\/fr\/wp-json\/wp\/v2\/media?parent=1623"}],"curies":[{"name":"wp","href":"https:\/\/api.w.org\/{rel}","templated":true}]}}