{"id":1602,"date":"2026-03-17T15:44:13","date_gmt":"2026-03-17T12:44:13","guid":{"rendered":"https:\/\/btcagizvedispoliklinigi.com\/?page_id=1602"},"modified":"2026-03-17T15:52:11","modified_gmt":"2026-03-17T12:52:11","slug":"d-t-ahmet-baydak","status":"publish","type":"page","link":"https:\/\/btcagizvedispoliklinigi.com\/fr\/d-t-ahmet-baydak\/","title":{"rendered":"D.T. Ahmet Baydak"},"content":{"rendered":"\t\t<div data-elementor-type=\"wp-page\" data-elementor-id=\"1602\" class=\"elementor elementor-1602 elementor-1590\">\n\t\t\t\t<div class=\"elementor-element elementor-element-f5fd37f e-flex e-con-boxed e-con e-parent\" data-id=\"f5fd37f\" data-element_type=\"container\" data-e-type=\"container\">\n\t\t\t\t\t<div class=\"e-con-inner\">\n\t\t<div class=\"elementor-element elementor-element-2adf264 e-con-full e-flex e-con e-child\" data-id=\"2adf264\" data-element_type=\"container\" data-e-type=\"container\">\n\t\t\t\t<div class=\"elementor-element elementor-element-351baed elementor-widget elementor-widget-image\" data-id=\"351baed\" data-element_type=\"widget\" data-e-type=\"widget\" data-widget_type=\"image.default\">\n\t\t\t\t\t\t\t\t\t\t\t\t\t\t\t<img fetchpriority=\"high\" decoding=\"async\" width=\"1024\" height=\"1024\" src=\"https:\/\/btcagizvedispoliklinigi.com\/wp-content\/uploads\/2026\/03\/WhatsApp-Image-2026-03-16-at-1.06.27-PM-1-1.jpeg\" class=\"attachment-large size-large wp-image-1570\" alt=\"Dr. Ahmet Baydak\" srcset=\"https:\/\/btcagizvedispoliklinigi.com\/wp-content\/uploads\/2026\/03\/WhatsApp-Image-2026-03-16-at-1.06.27-PM-1-1.jpeg 1024w, https:\/\/btcagizvedispoliklinigi.com\/wp-content\/uploads\/2026\/03\/WhatsApp-Image-2026-03-16-at-1.06.27-PM-1-1-300x300.jpeg 300w, https:\/\/btcagizvedispoliklinigi.com\/wp-content\/uploads\/2026\/03\/WhatsApp-Image-2026-03-16-at-1.06.27-PM-1-1-150x150.jpeg 150w, https:\/\/btcagizvedispoliklinigi.com\/wp-content\/uploads\/2026\/03\/WhatsApp-Image-2026-03-16-at-1.06.27-PM-1-1-768x768.jpeg 768w, https:\/\/btcagizvedispoliklinigi.com\/wp-content\/uploads\/2026\/03\/WhatsApp-Image-2026-03-16-at-1.06.27-PM-1-1-600x600.jpeg 600w, https:\/\/btcagizvedispoliklinigi.com\/wp-content\/uploads\/2026\/03\/WhatsApp-Image-2026-03-16-at-1.06.27-PM-1-1-100x100.jpeg 100w\" sizes=\"(max-width: 1024px) 100vw, 1024px\" \/>\t\t\t\t\t\t\t\t\t\t\t\t\t\t\t<\/div>\n\t\t\t\t<\/div>\n\t\t<div class=\"elementor-element elementor-element-cc7258e e-con-full e-flex e-con e-child\" data-id=\"cc7258e\" data-element_type=\"container\" data-e-type=\"container\">\n\t\t\t\t<div class=\"elementor-element elementor-element-e78f38f elementor-widget elementor-widget-heading\" data-id=\"e78f38f\" data-element_type=\"widget\" data-e-type=\"widget\" data-widget_type=\"heading.default\">\n\t\t\t\t\t<h2 class=\"elementor-heading-title elementor-size-default\">Dr Dt. Ahmet Baydak<\/h2>\t\t\t\t<\/div>\n\t\t\t\t<div class=\"elementor-element elementor-element-59f354d elementor-widget elementor-widget-text-editor\" data-id=\"59f354d\" data-element_type=\"widget\" data-e-type=\"widget\" data-widget_type=\"text-editor.default\">\n\t\t\t\t\t\t\t\t\t<p data-start=\"4811\" data-end=\"4874\"><span class=\"BZ_Pyq_fadeIn\">Adresse : <\/span><span class=\"BZ_Pyq_fadeIn\">Istanbul, <\/span><span class=\"BZ_Pyq_fadeIn\">Turquie (<\/span><span class=\"BZ_Pyq_fadeIn\">Travail)<\/span><\/p><p data-start=\"4876\" data-end=\"5189\"><span class=\"BZ_Pyq_fadeIn\">Un <\/span><span class=\"BZ_Pyq_fadeIn\">beau <\/span><span class=\"BZ_Pyq_fadeIn\">sourire <\/span><span class=\"BZ_Pyq_fadeIn\">n\u2019est <\/span><span class=\"BZ_Pyq_fadeIn\">pas <\/span><span class=\"BZ_Pyq_fadeIn\">seulement <\/span><span class=\"BZ_Pyq_fadeIn\">esth\u00e9tique ; <\/span><span class=\"BZ_Pyq_fadeIn\">il <\/span><span class=\"BZ_Pyq_fadeIn\">repr\u00e9sente <\/span><span class=\"BZ_Pyq_fadeIn\">la <\/span><span class=\"BZ_Pyq_fadeIn\">confiance, <\/span><span class=\"BZ_Pyq_fadeIn\">l\u2019harmonie <\/span><span class=\"BZ_Pyq_fadeIn\">et <\/span><span class=\"BZ_Pyq_fadeIn\">l\u2019identit\u00e9 <\/span><span class=\"BZ_Pyq_fadeIn\">personnelle.<\/span><br data-start=\"4990\" data-end=\"4993\" \/><span class=\"BZ_Pyq_fadeIn\">Ma <\/span><span class=\"BZ_Pyq_fadeIn\">philosophie <\/span><span class=\"BZ_Pyq_fadeIn\">consiste <\/span><span class=\"BZ_Pyq_fadeIn\">\u00e0 <\/span><span class=\"BZ_Pyq_fadeIn\">combiner <\/span><span class=\"BZ_Pyq_fadeIn\">la <\/span><span class=\"BZ_Pyq_fadeIn\">pr\u00e9cision <\/span><span class=\"BZ_Pyq_fadeIn\">clinique <\/span><span class=\"BZ_Pyq_fadeIn\">avec <\/span><span class=\"BZ_Pyq_fadeIn\">une <\/span><span class=\"BZ_Pyq_fadeIn\">vision <\/span><span class=\"BZ_Pyq_fadeIn\">artistique <\/span><span class=\"BZ_Pyq_fadeIn\">afin <\/span><span class=\"BZ_Pyq_fadeIn\">de <\/span><span class=\"BZ_Pyq_fadeIn\">concevoir <\/span><span class=\"BZ_Pyq_fadeIn\">des <\/span><span class=\"BZ_Pyq_fadeIn\">sourires <\/span><span class=\"BZ_Pyq_fadeIn\">naturels <\/span><span class=\"BZ_Pyq_fadeIn\">et <\/span><span class=\"BZ_Pyq_fadeIn\">\u00e9quilibr\u00e9s <\/span><span class=\"BZ_Pyq_fadeIn\">en <\/span><span class=\"BZ_Pyq_fadeIn\">parfaite <\/span><span class=\"BZ_Pyq_fadeIn\">harmonie <\/span><span class=\"BZ_Pyq_fadeIn\">avec <\/span><span class=\"BZ_Pyq_fadeIn\">les <\/span><span class=\"BZ_Pyq_fadeIn\">traits <\/span><span class=\"BZ_Pyq_fadeIn\">du <\/span><span class=\"BZ_Pyq_fadeIn\">visage <\/span><span class=\"BZ_Pyq_fadeIn\">du <\/span><span class=\"BZ_Pyq_fadeIn\">patient.<\/span><\/p><p data-start=\"5191\" data-end=\"5445\"><span class=\"BZ_Pyq_fadeIn\">Chaque <\/span><span class=\"BZ_Pyq_fadeIn\">plan <\/span><span class=\"BZ_Pyq_fadeIn\">de <\/span><span class=\"BZ_Pyq_fadeIn\">traitement <\/span><span class=\"BZ_Pyq_fadeIn\">est <\/span><span class=\"BZ_Pyq_fadeIn\">soigneusement <\/span><span class=\"BZ_Pyq_fadeIn\">\u00e9labor\u00e9 <\/span><span class=\"BZ_Pyq_fadeIn\">pour <\/span><span class=\"BZ_Pyq_fadeIn\">am\u00e9liorer <\/span><span class=\"BZ_Pyq_fadeIn\">les <\/span><span class=\"BZ_Pyq_fadeIn\">proportions <\/span><span class=\"BZ_Pyq_fadeIn\">du <\/span><span class=\"BZ_Pyq_fadeIn\">visage, <\/span><span class=\"BZ_Pyq_fadeIn\">le <\/span><span class=\"BZ_Pyq_fadeIn\">soutien <\/span><span class=\"BZ_Pyq_fadeIn\">des <\/span><span class=\"BZ_Pyq_fadeIn\">l\u00e8vres, <\/span><span class=\"BZ_Pyq_fadeIn\">la <\/span><span class=\"BZ_Pyq_fadeIn\">forme <\/span><span class=\"BZ_Pyq_fadeIn\">des <\/span><span class=\"BZ_Pyq_fadeIn\">dents, <\/span><span class=\"BZ_Pyq_fadeIn\">la <\/span><span class=\"BZ_Pyq_fadeIn\">sym\u00e9trie <\/span><span class=\"BZ_Pyq_fadeIn\">et <\/span><span class=\"BZ_Pyq_fadeIn\">l\u2019\u00e9quilibre <\/span><span class=\"BZ_Pyq_fadeIn\">esth\u00e9tique <\/span><span class=\"BZ_Pyq_fadeIn\">global. <\/span><span class=\"BZ_Pyq_fadeIn\">Mon <\/span><span class=\"BZ_Pyq_fadeIn\">objectif <\/span><span class=\"BZ_Pyq_fadeIn\">est <\/span><span class=\"BZ_Pyq_fadeIn\">d\u2019offrir <\/span><span class=\"BZ_Pyq_fadeIn\">des <\/span><span class=\"BZ_Pyq_fadeIn\">r\u00e9sultats <\/span><span class=\"BZ_Pyq_fadeIn\">\u00e9l\u00e9gants, <\/span><span class=\"BZ_Pyq_fadeIn\">naturels <\/span><span class=\"BZ_Pyq_fadeIn\">et <\/span><span class=\"BZ_Pyq_fadeIn\">durables.<\/span><\/p><h3 data-section-id=\"1tn8azg\" data-start=\"5447\" data-end=\"5471\"><span class=\"BZ_Pyq_fadeIn\">Domaines <\/span><span class=\"BZ_Pyq_fadeIn\">d\u2019expertise<\/span><\/h3><ul data-start=\"5472\" data-end=\"5908\"><li data-section-id=\"1e1w1nv\" data-start=\"5472\" data-end=\"5544\"><p data-start=\"5474\" data-end=\"5544\"><span class=\"BZ_Pyq_fadeIn\">Conception <\/span><span class=\"BZ_Pyq_fadeIn\">avanc\u00e9e <\/span><span class=\"BZ_Pyq_fadeIn\">du <\/span><span class=\"BZ_Pyq_fadeIn\">sourire <\/span><span class=\"BZ_Pyq_fadeIn\">et <\/span><span class=\"BZ_Pyq_fadeIn\">planification <\/span><span class=\"BZ_Pyq_fadeIn\">globale <\/span><span class=\"BZ_Pyq_fadeIn\">du <\/span><span class=\"BZ_Pyq_fadeIn\">traitement<\/span><\/p><\/li><li data-section-id=\"11xq7bb\" data-start=\"5545\" data-end=\"5650\"><p data-start=\"5547\" data-end=\"5650\"><span class=\"BZ_Pyq_fadeIn\">Analyse <\/span><span class=\"BZ_Pyq_fadeIn\">esth\u00e9tique <\/span><span class=\"BZ_Pyq_fadeIn\">ax\u00e9e <\/span><span class=\"BZ_Pyq_fadeIn\">sur <\/span><span class=\"BZ_Pyq_fadeIn\">les <\/span><span class=\"BZ_Pyq_fadeIn\">proportions <\/span><span class=\"BZ_Pyq_fadeIn\">dentaires, <\/span><span class=\"BZ_Pyq_fadeIn\">l\u2019harmonie <\/span><span class=\"BZ_Pyq_fadeIn\">gingivale <\/span><span class=\"BZ_Pyq_fadeIn\">et <\/span><span class=\"BZ_Pyq_fadeIn\">la <\/span><span class=\"BZ_Pyq_fadeIn\">sym\u00e9trie <\/span><span class=\"BZ_Pyq_fadeIn\">du <\/span><span class=\"BZ_Pyq_fadeIn\">sourire<\/span><\/p><\/li><li data-section-id=\"12fuxz9\" data-start=\"5651\" data-end=\"5742\"><p data-start=\"5653\" data-end=\"5742\"><span class=\"BZ_Pyq_fadeIn\">Transformations <\/span><span class=\"BZ_Pyq_fadeIn\">du <\/span><span class=\"BZ_Pyq_fadeIn\">sourire <\/span><span class=\"BZ_Pyq_fadeIn\">personnalis\u00e9es <\/span><span class=\"BZ_Pyq_fadeIn\">selon <\/span><span class=\"BZ_Pyq_fadeIn\">les <\/span><span class=\"BZ_Pyq_fadeIn\">traits <\/span><span class=\"BZ_Pyq_fadeIn\">du <\/span><span class=\"BZ_Pyq_fadeIn\">visage <\/span><span class=\"BZ_Pyq_fadeIn\">et <\/span><span class=\"BZ_Pyq_fadeIn\">la <\/span><span class=\"BZ_Pyq_fadeIn\">personnalit\u00e9<\/span><\/p><\/li><li data-section-id=\"1ai6202\" data-start=\"5743\" data-end=\"5826\"><p data-start=\"5745\" data-end=\"5826\"><span class=\"BZ_Pyq_fadeIn\">Solutions <\/span><span class=\"BZ_Pyq_fadeIn\">d\u2019implants <\/span><span class=\"BZ_Pyq_fadeIn\">dentaires <\/span><span class=\"BZ_Pyq_fadeIn\">et <\/span><span class=\"BZ_Pyq_fadeIn\">full-<\/span><span class=\"BZ_Pyq_fadeIn\">arch <\/span><span class=\"BZ_Pyq_fadeIn\">restaurantes <\/span><span class=\"BZ_Pyq_fadeIn\">fonction <\/span><span class=\"BZ_Pyq_fadeIn\">et <\/span><span class=\"BZ_Pyq_fadeIn\">esth\u00e9tique<\/span><\/p><\/li><li data-section-id=\"3yvc50\" data-start=\"5827\" data-end=\"5908\"><p data-start=\"5829\" data-end=\"5908\"><span class=\"BZ_Pyq_fadeIn\">Dentisterie <\/span><span class=\"BZ_Pyq_fadeIn\">restauratrice <\/span><span class=\"BZ_Pyq_fadeIn\">esth\u00e9tique <\/span><span class=\"BZ_Pyq_fadeIn\">et <\/span><span class=\"BZ_Pyq_fadeIn\">fonctionnelle <\/span><span class=\"BZ_Pyq_fadeIn\">avec <\/span><span class=\"BZ_Pyq_fadeIn\">r\u00e9sultats <\/span><span class=\"BZ_Pyq_fadeIn\">naturels<\/span><\/p><\/li><\/ul><h3 data-section-id=\"1ujt0z1\" data-start=\"5910\" data-end=\"5923\"><span class=\"BZ_Pyq_fadeIn\">Formation<\/span><\/h3><ul data-start=\"5924\" data-end=\"6218\"><li data-section-id=\"1fhfiq9\" data-start=\"5924\" data-end=\"6005\"><p data-start=\"5926\" data-end=\"6005\"><span class=\"BZ_Pyq_fadeIn\">Facult\u00e9 <\/span><span class=\"BZ_Pyq_fadeIn\">de <\/span><span class=\"BZ_Pyq_fadeIn\">M\u00e9decine <\/span><span class=\"BZ_Pyq_fadeIn\">Dentaire \u2013 <\/span><span class=\"BZ_Pyq_fadeIn\">Universit\u00e9 <\/span><span class=\"BZ_Pyq_fadeIn\">des <\/span><span class=\"BZ_Pyq_fadeIn\">Sciences <\/span><span class=\"BZ_Pyq_fadeIn\">de <\/span><span class=\"BZ_Pyq_fadeIn\">la <\/span><span class=\"BZ_Pyq_fadeIn\">Sant\u00e9 <\/span><span class=\"BZ_Pyq_fadeIn\">d\u2019Istanbul<\/span><\/p><\/li><li data-section-id=\"arhc32\" data-start=\"6006\" data-end=\"6102\"><p data-start=\"6008\" data-end=\"6102\"><span class=\"BZ_Pyq_fadeIn\">Fellowship <\/span><span class=\"BZ_Pyq_fadeIn\">clinique <\/span><span class=\"BZ_Pyq_fadeIn\">avanc\u00e9 <\/span><span class=\"BZ_Pyq_fadeIn\">en <\/span><span class=\"BZ_Pyq_fadeIn\">implantologie <\/span><span class=\"BZ_Pyq_fadeIn\">et <\/span><span class=\"BZ_Pyq_fadeIn\">proth\u00e8se \u2013 <\/span><span class=\"BZ_Pyq_fadeIn\">American <\/span><span class=\"BZ_Pyq_fadeIn\">Arab <\/span><span class=\"BZ_Pyq_fadeIn\">Academy <\/span><span class=\"BZ_Pyq_fadeIn\">of <\/span><span class=\"BZ_Pyq_fadeIn\">Dentistry<\/span><\/p><\/li><li data-section-id=\"1tdv7rw\" data-start=\"6103\" data-end=\"6151\"><p data-start=\"6105\" data-end=\"6151\"><span class=\"BZ_Pyq_fadeIn\">Programmes <\/span><span class=\"BZ_Pyq_fadeIn\">avanc\u00e9s <\/span><span class=\"BZ_Pyq_fadeIn\">en <\/span><span class=\"BZ_Pyq_fadeIn\">dentisterie <\/span><span class=\"BZ_Pyq_fadeIn\">esth\u00e9tique<\/span><\/p><\/li><li data-section-id=\"iatey7\" data-start=\"6152\" data-end=\"6218\"><p data-start=\"6154\" data-end=\"6218\"><span class=\"BZ_Pyq_fadeIn\">Formation <\/span><span class=\"BZ_Pyq_fadeIn\">compl\u00e8te <\/span><span class=\"BZ_Pyq_fadeIn\">en <\/span><span class=\"BZ_Pyq_fadeIn\">implantologie <\/span><span class=\"BZ_Pyq_fadeIn\">et <\/span><span class=\"BZ_Pyq_fadeIn\">protocoles <\/span><span class=\"BZ_Pyq_fadeIn\">chirurgicaux<\/span><\/p><\/li><\/ul><h3 data-section-id=\"8qstqe\" data-start=\"6220\" data-end=\"6237\"><span class=\"BZ_Pyq_fadeIn\">Communication<\/span><\/h3><p data-start=\"6238\" data-end=\"6358\"><span class=\"BZ_Pyq_fadeIn\">Je <\/span><span class=\"BZ_Pyq_fadeIn\">communique <\/span><span class=\"BZ_Pyq_fadeIn\">couramment <\/span><span class=\"BZ_Pyq_fadeIn\">en <\/span><span class=\"BZ_Pyq_fadeIn\">arabe, <\/span><span class=\"BZ_Pyq_fadeIn\">anglais <\/span><span class=\"BZ_Pyq_fadeIn\">et <\/span><span class=\"BZ_Pyq_fadeIn\">turc <\/span><span class=\"BZ_Pyq_fadeIn\">afin <\/span><span class=\"BZ_Pyq_fadeIn\">d\u2019assurer <\/span><span class=\"BZ_Pyq_fadeIn\">un <\/span><span class=\"BZ_Pyq_fadeIn\">processus <\/span><span class=\"BZ_Pyq_fadeIn\">de <\/span><span class=\"BZ_Pyq_fadeIn\">traitement <\/span><span class=\"BZ_Pyq_fadeIn\">confortable <\/span><span class=\"BZ_Pyq_fadeIn\">et <\/span><span class=\"BZ_Pyq_fadeIn\">sans <\/span><span class=\"BZ_Pyq_fadeIn\">stress.<\/span><\/p><p data-start=\"6360\" data-end=\"6590\"><span class=\"BZ_Pyq_fadeIn\">Cela <\/span><span class=\"BZ_Pyq_fadeIn\">me <\/span><span class=\"BZ_Pyq_fadeIn\">permet <\/span><span class=\"BZ_Pyq_fadeIn\">d\u2019expliquer <\/span><span class=\"BZ_Pyq_fadeIn\">clairement <\/span><span class=\"BZ_Pyq_fadeIn\">chaque <\/span><span class=\"BZ_Pyq_fadeIn\">\u00e9tape <\/span><span class=\"BZ_Pyq_fadeIn\">du <\/span><span class=\"BZ_Pyq_fadeIn\">traitement, <\/span><span class=\"BZ_Pyq_fadeIn\">de <\/span><span class=\"BZ_Pyq_fadeIn\">d\u00e9tailler <\/span><span class=\"BZ_Pyq_fadeIn\">toutes <\/span><span class=\"BZ_Pyq_fadeIn\">les <\/span><span class=\"BZ_Pyq_fadeIn\">proc\u00e9dures <\/span><span class=\"BZ_Pyq_fadeIn\">et <\/span><span class=\"BZ_Pyq_fadeIn\">d\u2019\u00e9liminer <\/span><span class=\"BZ_Pyq_fadeIn\">les <\/span><span class=\"BZ_Pyq_fadeIn\">barri\u00e8res <\/span><span class=\"BZ_Pyq_fadeIn\">linguistiques, <\/span><span class=\"BZ_Pyq_fadeIn\">garantissant <\/span><span class=\"BZ_Pyq_fadeIn\">confiance <\/span><span class=\"BZ_Pyq_fadeIn\">et <\/span><span class=\"BZ_Pyq_fadeIn\">transparence <\/span><span class=\"BZ_Pyq_fadeIn\">du <\/span><span class=\"BZ_Pyq_fadeIn\">premier <\/span><span class=\"BZ_Pyq_fadeIn\">rendez-<\/span><span class=\"BZ_Pyq_fadeIn\">vous <\/span><span class=\"BZ_Pyq_fadeIn\">jusqu\u2019au <\/span><span class=\"BZ_Pyq_fadeIn\">r\u00e9sultat <\/span><span class=\"BZ_Pyq_fadeIn\">final.<\/span><\/p><h3 data-section-id=\"mnwgkk\" data-start=\"6592\" data-end=\"6639\"><span class=\"BZ_Pyq_fadeIn\">Exp\u00e9rience <\/span><span class=\"BZ_Pyq_fadeIn\">avec <\/span><span class=\"BZ_Pyq_fadeIn\">les <\/span><span class=\"BZ_Pyq_fadeIn\">patients <\/span><span class=\"BZ_Pyq_fadeIn\">internationaux<\/span><\/h3><ul data-start=\"6640\" data-end=\"6990\"><li data-section-id=\"txsgpk\" data-start=\"6640\" data-end=\"6703\"><p data-start=\"6642\" data-end=\"6703\"><span class=\"BZ_Pyq_fadeIn\">Pr\u00e9-<\/span><span class=\"BZ_Pyq_fadeIn\">consultation <\/span><span class=\"BZ_Pyq_fadeIn\">en <\/span><span class=\"BZ_Pyq_fadeIn\">ligne <\/span><span class=\"BZ_Pyq_fadeIn\">avec <\/span><span class=\"BZ_Pyq_fadeIn\">analyse <\/span><span class=\"BZ_Pyq_fadeIn\">d\u00e9taill\u00e9e <\/span><span class=\"BZ_Pyq_fadeIn\">du <\/span><span class=\"BZ_Pyq_fadeIn\">sourire<\/span><\/p><\/li><li data-section-id=\"zw8try\" data-start=\"6704\" data-end=\"6767\"><p data-start=\"6706\" data-end=\"6767\"><span class=\"BZ_Pyq_fadeIn\">Coordination <\/span><span class=\"BZ_Pyq_fadeIn\">personnalis\u00e9e <\/span><span class=\"BZ_Pyq_fadeIn\">pour <\/span><span class=\"BZ_Pyq_fadeIn\">les <\/span><span class=\"BZ_Pyq_fadeIn\">patients <\/span><span class=\"BZ_Pyq_fadeIn\">internationaux<\/span><\/p><\/li><li data-section-id=\"1j3nvic\" data-start=\"6768\" data-end=\"6840\"><p data-start=\"6770\" data-end=\"6840\"><span class=\"BZ_Pyq_fadeIn\">Dentisterie <\/span><span class=\"BZ_Pyq_fadeIn\">moderne <\/span><span class=\"BZ_Pyq_fadeIn\">ax\u00e9e <\/span><span class=\"BZ_Pyq_fadeIn\">sur <\/span><span class=\"BZ_Pyq_fadeIn\">le <\/span><span class=\"BZ_Pyq_fadeIn\">confort <\/span><span class=\"BZ_Pyq_fadeIn\">et <\/span><span class=\"BZ_Pyq_fadeIn\">le <\/span><span class=\"BZ_Pyq_fadeIn\">contr\u00f4le <\/span><span class=\"BZ_Pyq_fadeIn\">de <\/span><span class=\"BZ_Pyq_fadeIn\">la <\/span><span class=\"BZ_Pyq_fadeIn\">douleur<\/span><\/p><\/li><li data-section-id=\"1cq2l1o\" data-start=\"6841\" data-end=\"6912\"><p data-start=\"6843\" data-end=\"6912\"><span class=\"BZ_Pyq_fadeIn\">Communication <\/span><span class=\"BZ_Pyq_fadeIn\">continue <\/span><span class=\"BZ_Pyq_fadeIn\">et <\/span><span class=\"BZ_Pyq_fadeIn\">accompagnement <\/span><span class=\"BZ_Pyq_fadeIn\">tout <\/span><span class=\"BZ_Pyq_fadeIn\">au <\/span><span class=\"BZ_Pyq_fadeIn\">long <\/span><span class=\"BZ_Pyq_fadeIn\">du <\/span><span class=\"BZ_Pyq_fadeIn\">traitement<\/span><\/p><\/li><li data-section-id=\"1g3jogc\" data-start=\"6913\" data-end=\"6990\"><p data-start=\"6915\" data-end=\"6990\"><span class=\"BZ_Pyq_fadeIn\">Suivi <\/span><span class=\"BZ_Pyq_fadeIn\">structur\u00e9 <\/span><span class=\"BZ_Pyq_fadeIn\">post-<\/span><span class=\"BZ_Pyq_fadeIn\">traitement <\/span><span class=\"BZ_Pyq_fadeIn\">garantissant <\/span><span class=\"BZ_Pyq_fadeIn\">la <\/span><span class=\"BZ_Pyq_fadeIn\">satisfaction <\/span><span class=\"BZ_Pyq_fadeIn\">\u00e0 <\/span><span class=\"BZ_Pyq_fadeIn\">long <\/span><span class=\"BZ_Pyq_fadeIn\">terme<\/span><\/p><\/li><\/ul><h3 data-section-id=\"1nqqqms\" data-start=\"6992\" data-end=\"7007\"><span class=\"BZ_Pyq_fadeIn\">Comp\u00e9tences<\/span><\/h3><ul data-start=\"7008\" data-end=\"7165\"><li data-section-id=\"m64jk4\" data-start=\"7008\" data-end=\"7024\"><p data-start=\"7010\" data-end=\"7024\"><span class=\"BZ_Pyq_fadeIn\">Smile <\/span><span class=\"BZ_Pyq_fadeIn\">Design<\/span><\/p><\/li><li data-section-id=\"1te7aca\" data-start=\"7025\" data-end=\"7047\"><p data-start=\"7027\" data-end=\"7047\"><span class=\"BZ_Pyq_fadeIn\">Analyse <\/span><span class=\"BZ_Pyq_fadeIn\">esth\u00e9tique<\/span><\/p><\/li><li data-section-id=\"12ej3sf\" data-start=\"7048\" data-end=\"7070\"><p data-start=\"7050\" data-end=\"7070\"><span class=\"BZ_Pyq_fadeIn\">Implants <\/span><span class=\"BZ_Pyq_fadeIn\">dentaires<\/span><\/p><\/li><li data-section-id=\"aoqu6f\" data-start=\"7071\" data-end=\"7111\"><p data-start=\"7073\" data-end=\"7111\"><span class=\"BZ_Pyq_fadeIn\">Dentisterie <\/span><span class=\"BZ_Pyq_fadeIn\">restauratrice <\/span><span class=\"BZ_Pyq_fadeIn\">esth\u00e9tique<\/span><\/p><\/li><li data-section-id=\"fl7oow\" data-start=\"7112\" data-end=\"7139\"><p data-start=\"7114\" data-end=\"7139\"><span class=\"BZ_Pyq_fadeIn\">Traitement <\/span><span class=\"BZ_Pyq_fadeIn\">personnalis\u00e9<\/span><\/p><\/li><li data-section-id=\"17w66u8\" data-start=\"7140\" data-end=\"7165\"><p data-start=\"7142\" data-end=\"7165\"><span class=\"BZ_Pyq_fadeIn\">Suivi <\/span><span class=\"BZ_Pyq_fadeIn\">post-<\/span><span class=\"BZ_Pyq_fadeIn\">traitement<\/span><\/p><\/li><\/ul><h3 data-section-id=\"4ib2qp\" data-start=\"7167\" data-end=\"7178\"><span class=\"BZ_Pyq_fadeIn\">Langues<\/span><\/h3><p data-start=\"7179\" data-end=\"7225\"><span class=\"BZ_Pyq_fadeIn\">Langues <\/span><span class=\"BZ_Pyq_fadeIn\">maternelles : <\/span><span class=\"BZ_Pyq_fadeIn\">Arabe | <\/span><span class=\"BZ_Pyq_fadeIn\">Anglais | <\/span><span class=\"BZ_Pyq_fadeIn\">Turc<\/span><\/p>\t\t\t\t\t\t\t\t<\/div>\n\t\t\t\t<\/div>\n\t\t\t\t\t<\/div>\n\t\t\t\t<\/div>\n\t\t\t\t<\/div>\n\t\t","protected":false},"excerpt":{"rendered":"<p>Dr Dt. Ahmet Baydak Adresse : Istanbul, Turquie (Travail) Un beau sourire n\u2019est pas seulement esth\u00e9tique ; il repr\u00e9sente la confiance, l\u2019harmonie et l\u2019identit\u00e9 personnelle.Ma philosophie consiste \u00e0 combiner la pr\u00e9cision clinique avec une vision artistique afin de concevoir des sourires naturels et \u00e9quilibr\u00e9s en parfaite harmonie avec les traits du visage du patient. Chaque [&hellip;]<\/p>\n","protected":false},"author":1,"featured_media":0,"parent":0,"menu_order":0,"comment_status":"closed","ping_status":"closed","template":"elementor_header_footer","meta":{"footnotes":""},"class_list":["post-1602","page","type-page","status-publish","hentry"],"_links":{"self":[{"href":"https:\/\/btcagizvedispoliklinigi.com\/fr\/wp-json\/wp\/v2\/pages\/1602","targetHints":{"allow":["GET"]}}],"collection":[{"href":"https:\/\/btcagizvedispoliklinigi.com\/fr\/wp-json\/wp\/v2\/pages"}],"about":[{"href":"https:\/\/btcagizvedispoliklinigi.com\/fr\/wp-json\/wp\/v2\/types\/page"}],"author":[{"embeddable":true,"href":"https:\/\/btcagizvedispoliklinigi.com\/fr\/wp-json\/wp\/v2\/users\/1"}],"replies":[{"embeddable":true,"href":"https:\/\/btcagizvedispoliklinigi.com\/fr\/wp-json\/wp\/v2\/comments?post=1602"}],"version-history":[{"count":4,"href":"https:\/\/btcagizvedispoliklinigi.com\/fr\/wp-json\/wp\/v2\/pages\/1602\/revisions"}],"predecessor-version":[{"id":1606,"href":"https:\/\/btcagizvedispoliklinigi.com\/fr\/wp-json\/wp\/v2\/pages\/1602\/revisions\/1606"}],"wp:attachment":[{"href":"https:\/\/btcagizvedispoliklinigi.com\/fr\/wp-json\/wp\/v2\/media?parent=1602"}],"curies":[{"name":"wp","href":"https:\/\/api.w.org\/{rel}","templated":true}]}}